{"id":386,"date":"2018-02-20T13:07:02","date_gmt":"2018-02-20T12:07:02","guid":{"rendered":"https:\/\/batteriretur.no\/?page_id=386"},"modified":"2025-05-21T08:59:29","modified_gmt":"2025-05-21T06:59:29","slug":"hjelpemidler","status":"publish","type":"page","link":"https:\/\/batteriretur.no\/en\/hjelpemidler\/","title":{"rendered":"Supplies"},"content":{"rendered":"<h2>Boxes for buttoncells<\/h2>\n<p>Boxes can be ordered on our website. These boxes have the following measurements: 20,5 x 14 x 7cm and 35 x 15,5 x 21cm. The biggest box is UN approved for a maxweight of 10kgs.<\/p>\n<p><img loading=\"lazy\" decoding=\"async\" class=\"alignnone size-medium wp-image-3071\" src=\"https:\/\/batteriretur.no\/wp-content\/uploads\/2023\/10\/Knappcelleesker-23-300x216.jpg\" alt=\"\" width=\"300\" height=\"216\" srcset=\"https:\/\/batteriretur.no\/wp-content\/uploads\/2023\/10\/Knappcelleesker-23-300x216.jpg 300w, https:\/\/batteriretur.no\/wp-content\/uploads\/2023\/10\/Knappcelleesker-23-1024x736.jpg 1024w, https:\/\/batteriretur.no\/wp-content\/uploads\/2023\/10\/Knappcelleesker-23-768x552.jpg 768w, https:\/\/batteriretur.no\/wp-content\/uploads\/2023\/10\/Knappcelleesker-23-18x12.jpg 18w, https:\/\/batteriretur.no\/wp-content\/uploads\/2023\/10\/Knappcelleesker-23-640x460.jpg 640w, https:\/\/batteriretur.no\/wp-content\/uploads\/2023\/10\/Knappcelleesker-23.jpg 1134w\" sizes=\"auto, (max-width: 639px) 98vw, (max-width: 1199px) 64vw, 300px\" \/><\/p>\n<h2>Transportboxes for EV-batteries from Batteriretur\/Wellplast<\/h2>\n<p>The transport box can be used as return packaging for both new and used medium-sized lithium-ion batteries, it can also be stacked and folded so that it takes up as little space as possible. The transport box is UN-approved packaging. For more information contact <a href=\"mailto: pm@batteriretur.no\"> pm@batteriretur.no<\/a><\/p>\n<p><img loading=\"lazy\" decoding=\"async\" class=\"alignnone wp-image-3441 size-medium\" src=\"https:\/\/batteriretur.no\/wp-content\/uploads\/2025\/05\/Wellplastkassa-300x185.png\" alt=\"\" width=\"300\" height=\"185\" srcset=\"https:\/\/batteriretur.no\/wp-content\/uploads\/2025\/05\/Wellplastkassa-300x185.png 300w, https:\/\/batteriretur.no\/wp-content\/uploads\/2025\/05\/Wellplastkassa-18x12.png 18w, https:\/\/batteriretur.no\/wp-content\/uploads\/2025\/05\/Wellplastkassa.png 579w\" sizes=\"auto, (max-width: 639px) 98vw, (max-width: 1199px) 64vw, 300px\" \/><\/p>\n<h2>Cobat box for transport of damaged and defective lithium-ion batteries<\/h2>\n<p>When transporting damaged or defective EV-batteries, it is important to think about safety. \"Cobat Box Lithium\" was developed by the Italian company Cobat and meets the requirements of the ADR regulations when transporting damaged or defective EV-batteries. \"Cobat Box Lithium\" has a built-in filter system that removes toxic gases that occur in the event of a fire and has space for an electric car battery of up to 466.7kg. For more information, contact <a href=\"mailto: pm@batteriretur.no\"> pm@batteriretur.no<\/a><\/p>\n<p><img loading=\"lazy\" decoding=\"async\" class=\"alignnone wp-image-3440 size-medium\" src=\"https:\/\/batteriretur.no\/wp-content\/uploads\/2025\/05\/Cobatkasse-300x196.png\" alt=\"\" width=\"300\" height=\"196\" srcset=\"https:\/\/batteriretur.no\/wp-content\/uploads\/2025\/05\/Cobatkasse-300x196.png 300w, https:\/\/batteriretur.no\/wp-content\/uploads\/2025\/05\/Cobatkasse-18x12.png 18w, https:\/\/batteriretur.no\/wp-content\/uploads\/2025\/05\/Cobatkasse.png 640w\" sizes=\"auto, (max-width: 639px) 98vw, (max-width: 1199px) 64vw, 300px\" \/><\/p>\n<h2>Storage box for discarded lead-acid batteries<\/h2>\n<p>\u00a7 11-5. Responsible storage, etc. of hazardous waste<\/p>\n<p>Hazardous waste must be handled properly. Anyone who stores, transports or handles hazardous waste shall take necessary measures to avoid any risk of contamination or injury to humans or animals.<\/p>\n<p>Hazardous waste cannot be mixed with other types of waste. Different types of hazardous waste cannot be interchanged or mixed, as this could lead to contamination or create problems for further handling of the waste.<\/p>\n<p><img loading=\"lazy\" decoding=\"async\" class=\"alignnone wp-image-1783 size-medium\" src=\"https:\/\/batteriretur.no\/wp-content\/uploads\/2020\/04\/Kasse-for-lagring-av-blybatteri-300x236.gif\" alt=\"\" width=\"300\" height=\"236\" srcset=\"https:\/\/batteriretur.no\/wp-content\/uploads\/2020\/04\/Kasse-for-lagring-av-blybatteri-300x236.gif 300w, https:\/\/batteriretur.no\/wp-content\/uploads\/2020\/04\/Kasse-for-lagring-av-blybatteri-768x604.gif 768w, https:\/\/batteriretur.no\/wp-content\/uploads\/2020\/04\/Kasse-for-lagring-av-blybatteri-640x503.gif 640w\" sizes=\"auto, (max-width: 639px) 98vw, (max-width: 1199px) 64vw, 300px\" \/><\/p>\n<h2>Transport box for damaged lead-acid batteries<\/h2>\n<p>For the damaged batteries that cannot be made leak-free, pallets should NOT be used, but an approved container. Inner dimensions of the box: 110 x 41 x 71 cm (l x h x d).<\/p>\n<p><img loading=\"lazy\" decoding=\"async\" class=\"alignnone size-medium wp-image-396\" src=\"https:\/\/batteriretur.no\/wp-content\/uploads\/2018\/02\/Kasse_med_lokk__lite-300x219.png\" alt=\"\" width=\"300\" height=\"219\" srcset=\"https:\/\/batteriretur.no\/wp-content\/uploads\/2018\/02\/Kasse_med_lokk__lite-300x219.png 300w, https:\/\/batteriretur.no\/wp-content\/uploads\/2018\/02\/Kasse_med_lokk__lite.png 415w\" sizes=\"auto, (max-width: 639px) 98vw, (max-width: 1199px) 64vw, 300px\" \/><\/p>\n<h2>Plugs<\/h2>\n<p>These are replacement plugs for acid-filled batteries. They come in three different sizes, small, medium and large.<\/p>\n<p><img loading=\"lazy\" decoding=\"async\" class=\"alignnone size-medium wp-image-409\" src=\"https:\/\/batteriretur.no\/wp-content\/uploads\/2018\/02\/Propper_72-300x165.jpeg\" alt=\"\" width=\"300\" height=\"165\" \/><\/p>\n<h2>Pallet cap<\/h2>\n<p>The pallet cap is shrunk around the pre-stacked pallets, securing them during transport. Pallet caps are supplied in rolls, and one roll is enough for 50 pallets.<\/p>\n<p><img loading=\"lazy\" decoding=\"async\" class=\"alignnone wp-image-1052 size-medium\" src=\"https:\/\/batteriretur.no\/wp-content\/uploads\/2019\/02\/Blypall-perfekt-14.11.18-300x244.gif\" alt=\"\" width=\"300\" height=\"244\" srcset=\"https:\/\/batteriretur.no\/wp-content\/uploads\/2019\/02\/Blypall-perfekt-14.11.18-300x244.gif 300w, https:\/\/batteriretur.no\/wp-content\/uploads\/2019\/02\/Blypall-perfekt-14.11.18-768x625.gif 768w, https:\/\/batteriretur.no\/wp-content\/uploads\/2019\/02\/Blypall-perfekt-14.11.18-1024x834.gif 1024w, https:\/\/batteriretur.no\/wp-content\/uploads\/2019\/02\/Blypall-perfekt-14.11.18-640x521.gif 640w, https:\/\/batteriretur.no\/wp-content\/uploads\/2019\/02\/Blypall-perfekt-14.11.18-1200x977.gif 1200w\" sizes=\"auto, (max-width: 639px) 98vw, (max-width: 1199px) 64vw, 300px\" \/><\/p>\n<h2>Shims<\/h2>\n<p>Cardboard discs are used as soft shims between the battery layers, to avoid short circuits when stacking batteries onto the pallets.<\/p>\n<h2>Stickers, acid-free<\/h2>\n<p>The stickers should be put on damaged, acid-free lead batteries before being packed and shipped to Batteriretur to confirm that there is no danger of acid leakage.<\/p>\n<p><img loading=\"lazy\" decoding=\"async\" class=\"alignnone size-medium wp-image-410\" src=\"https:\/\/batteriretur.no\/wp-content\/uploads\/2018\/02\/Syrefrimerket-1-300x219.jpg\" alt=\"\" width=\"300\" height=\"219\" srcset=\"https:\/\/batteriretur.no\/wp-content\/uploads\/2018\/02\/Syrefrimerket-1-300x219.jpg 300w, https:\/\/batteriretur.no\/wp-content\/uploads\/2018\/02\/Syrefrimerket-1.jpg 415w\" sizes=\"auto, (max-width: 639px) 98vw, (max-width: 1199px) 64vw, 300px\" \/><\/p>\n<h2>St\u00f8tdempende materiale, Vermikulitt<\/h2>\n<p>Vermiculite is a mineral that is shock absorbing, has good insulation capacity, conducts heat poorly and is liquid absorbent. Vermiculite comes in 100-liter sacks.<\/p>\n<p><img loading=\"lazy\" decoding=\"async\" class=\"alignnone size-medium wp-image-411\" src=\"https:\/\/batteriretur.no\/wp-content\/uploads\/2018\/02\/vermikulitt-300x296.png\" alt=\"\" width=\"300\" height=\"296\" srcset=\"https:\/\/batteriretur.no\/wp-content\/uploads\/2018\/02\/vermikulitt-300x296.png 300w, https:\/\/batteriretur.no\/wp-content\/uploads\/2018\/02\/vermikulitt.png 359w\" sizes=\"auto, (max-width: 639px) 98vw, (max-width: 1199px) 64vw, 300px\" \/><\/p>\n<p>&nbsp;<\/p>\n<h2>Collection Box<\/h2>\n<p>Collection box for disused household batteries. The box is UN approved for packing-group II, up to a maximum of 5kg. It can be placed at retailers who want it, or at similar institutions.<\/p>\n<p>Tape the poles of the batteries before putting them into the box. Full boxes are delivered to the Post office and return shipping is covered by Batteriretur.<\/p>\n<p>&nbsp;<\/p>\n<p><img loading=\"lazy\" decoding=\"async\" class=\"alignnone size-medium wp-image-1786\" src=\"https:\/\/batteriretur.no\/wp-content\/uploads\/2020\/04\/Innsamlingseske-14.11.18-002-263x300.gif\" alt=\"\" width=\"263\" height=\"300\" \/><\/p>\n<p>&nbsp;<\/p>\n<h2>Barrels<\/h2>\n<p>UN-approved drums with lids and tension rings for small batteries can be purchased by contacting us.<\/p>\n<p><img loading=\"lazy\" decoding=\"async\" class=\"alignnone size-medium wp-image-394\" src=\"https:\/\/batteriretur.no\/wp-content\/uploads\/2018\/02\/Fat-liten-300x297.png\" alt=\"\" width=\"300\" height=\"297\" srcset=\"https:\/\/batteriretur.no\/wp-content\/uploads\/2018\/02\/Fat-liten-300x297.png 300w, https:\/\/batteriretur.no\/wp-content\/uploads\/2018\/02\/Fat-liten-150x150.png 150w, https:\/\/batteriretur.no\/wp-content\/uploads\/2018\/02\/Fat-liten.png 359w\" sizes=\"auto, (max-width: 639px) 98vw, (max-width: 1199px) 64vw, 300px\" \/><\/p>\n<h2>UN approved cardboard box<\/h2>\n<p>UN approved cardboard boxes for packaging lithium\/Li-ion batteries. Available in two sizes.<\/p>\n<p><img loading=\"lazy\" decoding=\"async\" class=\"alignnone size-medium wp-image-408\" src=\"https:\/\/batteriretur.no\/wp-content\/uploads\/2018\/02\/pappkasse1-300x296.jpg\" alt=\"\" width=\"300\" height=\"296\" srcset=\"https:\/\/batteriretur.no\/wp-content\/uploads\/2018\/02\/pappkasse1-300x296.jpg 300w, https:\/\/batteriretur.no\/wp-content\/uploads\/2018\/02\/pappkasse1.jpg 360w\" sizes=\"auto, (max-width: 639px) 98vw, (max-width: 1199px) 64vw, 300px\" \/><\/p>\n<h2>Sorting Posters<\/h2>\n<p>The sorting posters can be hung over the different barrels to make the sorting job easier. The posters illustrate the different battery types, what they can be labeled with and what UN number, EAL code and waste material number they have. The sorting posters are available free of charge by contacting Batteriretur.<\/p>\n<p><a href=\"https:\/\/batteriretur.no\/wp-content\/uploads\/2019\/06\/Bly-Sorteringspl.pdf\">Lead acid batteries<\/a><br \/>\n<a href=\"https:\/\/batteriretur.no\/wp-content\/uploads\/2019\/02\/Litiumprim\u00e6r-Sorteringspl-1.pdf\">Lithium and lithium metal batteries, portable<\/a><br \/>\n<a href=\"https:\/\/batteriretur.no\/wp-content\/uploads\/2019\/02\/Li-ion-Sorteringspl-2.pdf\">Lithium-ion and lithium polymer batteries<\/a><br \/>\n<a href=\"https:\/\/batteriretur.no\/wp-content\/uploads\/2020\/11\/Li-ion-el-sykkelbatteri.pdf\">Li-ion el-sykkelbatteri<\/a><br \/>\n<a href=\"https:\/\/batteriretur.no\/wp-content\/uploads\/2019\/06\/NiCd-Sorteringspl.pdf\">Nickel cadmium batteries<\/a><br \/>\n<a href=\"https:\/\/batteriretur.no\/wp-content\/uploads\/2019\/06\/NiMH-Sorteringspl.pdf\">Nickel metal hydride batteries<\/a><br \/>\n<a href=\"https:\/\/batteriretur.no\/wp-content\/uploads\/2019\/06\/Alkalisk-Sorteringspl.pdf\">Alkaline batteries<\/a><\/p>\n<h2>Stickers for barrels containing small batteries<\/h2>\n<p>The stickers are for sticking onto barrels containing small batteries before being sent to Batteriretur. They are made for the different types of batteries and are marked with the corresponding UN number, EAL code, and waste material number. Weight and date must be applied by the collector \/ waste owner.<\/p>\n<p><a href=\"https:\/\/batteriretur.no\/wp-content\/uploads\/2018\/02\/Klistrelapper-Blybatterier.pdf\">Lead acid batteries<\/a><br \/>\n<a href=\"https:\/\/batteriretur.no\/wp-content\/uploads\/2019\/06\/Klistrelapper-Litium-batteri.pdf\">Lithium Batteries<\/a><br \/>\n<a href=\"https:\/\/batteriretur.no\/wp-content\/uploads\/2019\/06\/KlistrelapperLitium-ion-batteri-ny.pdf\">Lithium-ion batteries<\/a><br \/>\n<a href=\"https:\/\/batteriretur.no\/wp-content\/uploads\/2019\/06\/Klistrelapper-Nikkel-kadmium.pdf\">Nickel cadmium batteries<\/a><br \/>\n<a href=\"https:\/\/batteriretur.no\/wp-content\/uploads\/2018\/02\/Klistrelapper-Nikkel-Metall-Hydrid-1.pdf\">Nickel metal hydride batteries<\/a><br \/>\n<a href=\"https:\/\/batteriretur.no\/wp-content\/uploads\/2018\/02\/Klistrelapper-Alkaliske-1.pdf\">Alkaline batteries<\/a><br \/>\n<a href=\"https:\/\/batteriretur.no\/wp-content\/uploads\/2023\/10\/Merking-usorterte-smabatterier.pdf\">Usorterte sm\u00e5batterier<\/a><\/p>","protected":false},"excerpt":{"rendered":"<p>Esker til knappeceller Esker kan bestilles p\u00e5 nettsiden v\u00e5r. Disse eskene har f\u00f8lgende m\u00e5l: 20,5x 14&#215;7 cm, og 35&#215;15,5x 21 [&hellip;]<\/p>\n","protected":false},"author":1,"featured_media":542,"parent":0,"menu_order":18,"comment_status":"closed","ping_status":"closed","template":"page-templates\/page-custom.php","meta":{"_acf_changed":false,"footnotes":""},"class_list":["post-386","page","type-page","status-publish","has-post-thumbnail","hentry"],"acf":[],"yoast_head":"<!-- This site is optimized with the Yoast SEO plugin v27.3 - https:\/\/yoast.com\/product\/yoast-seo-wordpress\/ -->\n<title>Hjelpemidler - Batteriretur<\/title>\n<meta name=\"robots\" content=\"index, follow, max-snippet:-1, max-image-preview:large, max-video-preview:-1\" \/>\n<link rel=\"canonical\" href=\"https:\/\/batteriretur.no\/en\/hjelpemidler\/\" \/>\n<meta property=\"og:locale\" content=\"en_US\" \/>\n<meta property=\"og:type\" content=\"article\" \/>\n<meta property=\"og:title\" content=\"Hjelpemidler - Batteriretur\" \/>\n<meta property=\"og:description\" content=\"Esker til knappeceller Esker kan bestilles p\u00e5 nettsiden v\u00e5r. Disse eskene har f\u00f8lgende m\u00e5l: 20,5x 14&#215;7 cm, og 35&#215;15,5x 21 [&hellip;]\" \/>\n<meta property=\"og:url\" content=\"https:\/\/batteriretur.no\/en\/hjelpemidler\/\" \/>\n<meta property=\"og:site_name\" content=\"Batteriretur\" \/>\n<meta property=\"article:modified_time\" content=\"2025-05-21T06:59:29+00:00\" \/>\n<meta property=\"og:image\" content=\"https:\/\/batteriretur.no\/wp-content\/uploads\/2018\/06\/shutterstock_459458944.png\" \/>\n\t<meta property=\"og:image:width\" content=\"1200\" \/>\n\t<meta property=\"og:image:height\" content=\"627\" \/>\n\t<meta property=\"og:image:type\" content=\"image\/png\" \/>\n<meta name=\"twitter:card\" content=\"summary_large_image\" \/>\n<meta name=\"twitter:label1\" content=\"Est. reading time\" \/>\n\t<meta name=\"twitter:data1\" content=\"6 minutes\" \/>\n<script type=\"application\/ld+json\" class=\"yoast-schema-graph\">{\"@context\":\"https:\\\/\\\/schema.org\",\"@graph\":[{\"@type\":\"WebPage\",\"@id\":\"https:\\\/\\\/batteriretur.no\\\/hjelpemidler\\\/\",\"url\":\"https:\\\/\\\/batteriretur.no\\\/hjelpemidler\\\/\",\"name\":\"Hjelpemidler - Batteriretur\",\"isPartOf\":{\"@id\":\"https:\\\/\\\/batteriretur.no\\\/#website\"},\"primaryImageOfPage\":{\"@id\":\"https:\\\/\\\/batteriretur.no\\\/hjelpemidler\\\/#primaryimage\"},\"image\":{\"@id\":\"https:\\\/\\\/batteriretur.no\\\/hjelpemidler\\\/#primaryimage\"},\"thumbnailUrl\":\"https:\\\/\\\/batteriretur.no\\\/wp-content\\\/uploads\\\/2018\\\/06\\\/shutterstock_459458944.png\",\"datePublished\":\"2018-02-20T12:07:02+00:00\",\"dateModified\":\"2025-05-21T06:59:29+00:00\",\"breadcrumb\":{\"@id\":\"https:\\\/\\\/batteriretur.no\\\/hjelpemidler\\\/#breadcrumb\"},\"inLanguage\":\"en-US\",\"potentialAction\":[{\"@type\":\"ReadAction\",\"target\":[\"https:\\\/\\\/batteriretur.no\\\/hjelpemidler\\\/\"]}]},{\"@type\":\"ImageObject\",\"inLanguage\":\"en-US\",\"@id\":\"https:\\\/\\\/batteriretur.no\\\/hjelpemidler\\\/#primaryimage\",\"url\":\"https:\\\/\\\/batteriretur.no\\\/wp-content\\\/uploads\\\/2018\\\/06\\\/shutterstock_459458944.png\",\"contentUrl\":\"https:\\\/\\\/batteriretur.no\\\/wp-content\\\/uploads\\\/2018\\\/06\\\/shutterstock_459458944.png\",\"width\":1200,\"height\":627,\"caption\":\"batteriretur gjenvinning\"},{\"@type\":\"BreadcrumbList\",\"@id\":\"https:\\\/\\\/batteriretur.no\\\/hjelpemidler\\\/#breadcrumb\",\"itemListElement\":[{\"@type\":\"ListItem\",\"position\":1,\"name\":\"Hjem\",\"item\":\"https:\\\/\\\/batteriretur.no\\\/\"},{\"@type\":\"ListItem\",\"position\":2,\"name\":\"Hjelpemidler\"}]},{\"@type\":\"WebSite\",\"@id\":\"https:\\\/\\\/batteriretur.no\\\/#website\",\"url\":\"https:\\\/\\\/batteriretur.no\\\/\",\"name\":\"Batteriretur\",\"description\":\"Fremtiden er elektrisk\",\"publisher\":{\"@id\":\"https:\\\/\\\/batteriretur.no\\\/#organization\"},\"potentialAction\":[{\"@type\":\"SearchAction\",\"target\":{\"@type\":\"EntryPoint\",\"urlTemplate\":\"https:\\\/\\\/batteriretur.no\\\/?s={search_term_string}\"},\"query-input\":{\"@type\":\"PropertyValueSpecification\",\"valueRequired\":true,\"valueName\":\"search_term_string\"}}],\"inLanguage\":\"en-US\"},{\"@type\":\"Organization\",\"@id\":\"https:\\\/\\\/batteriretur.no\\\/#organization\",\"name\":\"Batteriretur\",\"url\":\"https:\\\/\\\/batteriretur.no\\\/\",\"logo\":{\"@type\":\"ImageObject\",\"inLanguage\":\"en-US\",\"@id\":\"https:\\\/\\\/batteriretur.no\\\/#\\\/schema\\\/logo\\\/image\\\/\",\"url\":\"https:\\\/\\\/batteriretur.no\\\/wp-content\\\/uploads\\\/2018\\\/02\\\/batterier_facebook.jpg\",\"contentUrl\":\"https:\\\/\\\/batteriretur.no\\\/wp-content\\\/uploads\\\/2018\\\/02\\\/batterier_facebook.jpg\",\"width\":1200,\"height\":630,\"caption\":\"Batteriretur\"},\"image\":{\"@id\":\"https:\\\/\\\/batteriretur.no\\\/#\\\/schema\\\/logo\\\/image\\\/\"}}]}<\/script>\n<!-- \/ Yoast SEO plugin. -->","yoast_head_json":{"title":"Hjelpemidler - Batteriretur","robots":{"index":"index","follow":"follow","max-snippet":"max-snippet:-1","max-image-preview":"max-image-preview:large","max-video-preview":"max-video-preview:-1"},"canonical":"https:\/\/batteriretur.no\/en\/hjelpemidler\/","og_locale":"en_US","og_type":"article","og_title":"Hjelpemidler - Batteriretur","og_description":"Esker til knappeceller Esker kan bestilles p\u00e5 nettsiden v\u00e5r. Disse eskene har f\u00f8lgende m\u00e5l: 20,5x 14&#215;7 cm, og 35&#215;15,5x 21 [&hellip;]","og_url":"https:\/\/batteriretur.no\/en\/hjelpemidler\/","og_site_name":"Batteriretur","article_modified_time":"2025-05-21T06:59:29+00:00","og_image":[{"width":1200,"height":627,"url":"https:\/\/batteriretur.no\/wp-content\/uploads\/2018\/06\/shutterstock_459458944.png","type":"image\/png"}],"twitter_card":"summary_large_image","twitter_misc":{"Est. reading time":"6 minutes"},"schema":{"@context":"https:\/\/schema.org","@graph":[{"@type":"WebPage","@id":"https:\/\/batteriretur.no\/hjelpemidler\/","url":"https:\/\/batteriretur.no\/hjelpemidler\/","name":"Hjelpemidler - Batteriretur","isPartOf":{"@id":"https:\/\/batteriretur.no\/#website"},"primaryImageOfPage":{"@id":"https:\/\/batteriretur.no\/hjelpemidler\/#primaryimage"},"image":{"@id":"https:\/\/batteriretur.no\/hjelpemidler\/#primaryimage"},"thumbnailUrl":"https:\/\/batteriretur.no\/wp-content\/uploads\/2018\/06\/shutterstock_459458944.png","datePublished":"2018-02-20T12:07:02+00:00","dateModified":"2025-05-21T06:59:29+00:00","breadcrumb":{"@id":"https:\/\/batteriretur.no\/hjelpemidler\/#breadcrumb"},"inLanguage":"en-US","potentialAction":[{"@type":"ReadAction","target":["https:\/\/batteriretur.no\/hjelpemidler\/"]}]},{"@type":"ImageObject","inLanguage":"en-US","@id":"https:\/\/batteriretur.no\/hjelpemidler\/#primaryimage","url":"https:\/\/batteriretur.no\/wp-content\/uploads\/2018\/06\/shutterstock_459458944.png","contentUrl":"https:\/\/batteriretur.no\/wp-content\/uploads\/2018\/06\/shutterstock_459458944.png","width":1200,"height":627,"caption":"batteriretur gjenvinning"},{"@type":"BreadcrumbList","@id":"https:\/\/batteriretur.no\/hjelpemidler\/#breadcrumb","itemListElement":[{"@type":"ListItem","position":1,"name":"Hjem","item":"https:\/\/batteriretur.no\/"},{"@type":"ListItem","position":2,"name":"Hjelpemidler"}]},{"@type":"WebSite","@id":"https:\/\/batteriretur.no\/#website","url":"https:\/\/batteriretur.no\/","name":"Batteriretur","description":"Fremtiden er elektrisk","publisher":{"@id":"https:\/\/batteriretur.no\/#organization"},"potentialAction":[{"@type":"SearchAction","target":{"@type":"EntryPoint","urlTemplate":"https:\/\/batteriretur.no\/?s={search_term_string}"},"query-input":{"@type":"PropertyValueSpecification","valueRequired":true,"valueName":"search_term_string"}}],"inLanguage":"en-US"},{"@type":"Organization","@id":"https:\/\/batteriretur.no\/#organization","name":"Batteriretur","url":"https:\/\/batteriretur.no\/","logo":{"@type":"ImageObject","inLanguage":"en-US","@id":"https:\/\/batteriretur.no\/#\/schema\/logo\/image\/","url":"https:\/\/batteriretur.no\/wp-content\/uploads\/2018\/02\/batterier_facebook.jpg","contentUrl":"https:\/\/batteriretur.no\/wp-content\/uploads\/2018\/02\/batterier_facebook.jpg","width":1200,"height":630,"caption":"Batteriretur"},"image":{"@id":"https:\/\/batteriretur.no\/#\/schema\/logo\/image\/"}}]}},"_links":{"self":[{"href":"https:\/\/batteriretur.no\/en\/wp-json\/wp\/v2\/pages\/386","targetHints":{"allow":["GET"]}}],"collection":[{"href":"https:\/\/batteriretur.no\/en\/wp-json\/wp\/v2\/pages"}],"about":[{"href":"https:\/\/batteriretur.no\/en\/wp-json\/wp\/v2\/types\/page"}],"author":[{"embeddable":true,"href":"https:\/\/batteriretur.no\/en\/wp-json\/wp\/v2\/users\/1"}],"replies":[{"embeddable":true,"href":"https:\/\/batteriretur.no\/en\/wp-json\/wp\/v2\/comments?post=386"}],"version-history":[{"count":45,"href":"https:\/\/batteriretur.no\/en\/wp-json\/wp\/v2\/pages\/386\/revisions"}],"predecessor-version":[{"id":3445,"href":"https:\/\/batteriretur.no\/en\/wp-json\/wp\/v2\/pages\/386\/revisions\/3445"}],"wp:featuredmedia":[{"embeddable":true,"href":"https:\/\/batteriretur.no\/en\/wp-json\/wp\/v2\/media\/542"}],"wp:attachment":[{"href":"https:\/\/batteriretur.no\/en\/wp-json\/wp\/v2\/media?parent=386"}],"curies":[{"name":"wp","href":"https:\/\/api.w.org\/{rel}","templated":true}]}}