{"id":2987,"date":"2023-06-30T08:53:19","date_gmt":"2023-06-30T06:53:19","guid":{"rendered":"https:\/\/batteriretur.no\/?page_id=2987"},"modified":"2025-07-02T10:05:58","modified_gmt":"2025-07-02T08:05:58","slug":"aktsomhetsvurdering","status":"publish","type":"page","link":"https:\/\/batteriretur.no\/en\/aktsomhetsvurdering\/","title":{"rendered":"Due diligence assessment"},"content":{"rendered":"<p><strong>Due diligence assessment<\/strong><\/p>\n<p><strong>V\u00e5r redegj\u00f8relse etter \u00e5penhetsloven<\/strong><br \/>\nAS Batteriretur er et godkjent returselskap, \u00a0for alle kategorier batterier. Selskapet samler inn og gjenvinner alle typer batterier fra hele Norge, <em>og er organisert som et \u00abnon-profitt\u00bb-selskap.<\/em><\/p>\n<p>Selskapet har hovedkontor i Fredrikstad, samt et samarbeid med Sortbat Norway AS (tidligere H\u00f8yenergi AS), som h\u00e5ndterer h\u00f8yenergibatterier i Sandefjord. Selskapet er organisert for \u00e5 oppfylle kravene til kasserte batterier i avfallsforskriften. Vi har et samarbeid og et finmaskede nett av mottaks- og hentesteder til innsamling av alle kategorier batterier.<\/p>\n<p>Det er i dag to selskaper som er organisert under merkenavnet Batteriretur\u00ae. AS Batteriretur ivaretar det utvidede produsentansvaret for start og industribatterier. For kategorien portable batterier er Renas Batterier AS (tidligere Rebatt AS) etablert, mens det er Batteriretur EV AS som ivaretar h\u00f8yenergibatteriene.<\/p>\n<p>Selskapene har felles administrasjon. Selskapene er ISO 9001:2015 og ISO 14001:2015 sertifisert. Styret i selskapet best\u00e5r av 4 styremedlemmer i tillegg til styreleder. Selskapets \u00f8verste organ er generalforsamlingen.<\/p>\n<p>Forretningsetikk, b\u00e6rekraft og samfunnsansvar er forankret i s\u00e6rskilte corporate governance regler godkjent av aksjon\u00e6rene. Selskapet anerkjenner sitt ansvar for \u00e5 fremme og overholde grunnleggende menneskerettigheter og anstendige arbeidsforhold i forbindelse med sin virksomhet, jf. den norske \u00e5penhetsloven. Selskapet kartlegger alle sine leverand\u00f8rer og forretningsforbindelser og har iverksatt l\u00f8pende vurderinger og s\u00e6rskilt aktsomhetsanalyse knyttet til risiko som gjelder grunnleggende menneskerettigheter, anstendige arbeidsforhold, b\u00e6rekraft og milj\u00f8.<\/p>\n<p>Ved arbeidet med aktsomhetsvurderingene v\u00e5re ser vi til Forbrukertilsynets anbefaling, kombinert med v\u00e5r lange erfaring med bransjen. Basert p\u00e5 aktsomhetsvurderingene v\u00e5re inneb\u00e6rer virksomheten i utgangspunktet begrenset risiko for negative konsekvenser for grunnleggende menneskerettigheter og anstendige arbeidsforhold. Vi har kompetente, engasjerte og forn\u00f8yde medarbeidere som v\u00e5r viktigste innsatsfaktor.<\/p>\n<p>N\u00e5r det gjelder potensiell negativ p\u00e5virkning for grunnleggende menneskerettigheter og andre arbeidsforhold, har vi identi\ufb01sert at den st\u00f8rste risikoen knytter seg til h\u00e5ndteringen av batterier i transport, lager og for gjenvinning. For \u00e5 minimere eventuelt negativ belastning s\u00f8ker Batteriretur \u00e5 innarbeide utvikle og sikre rutiner, oppl\u00e6ring og aktivt bruk av styringsverkt\u00f8y for behandling av batteriene.<\/p>\n<p>Selskapet har l\u00f8pende dialog med sitt innsamlernettverk. Selskapet benytter kun anerkjente gjenvinnere og har regelmessig kontakt, bes\u00f8k og dokumentasjonskontroll i forhold til gjenvinningsgrad som oppn\u00e5s. Vi f\u00f8lger for \u00f8vrig tett opp partnere, leverand\u00f8rer og kunder og stiller krav til dokumentasjon p\u00e5 felles forpliktelse til overholdelse grunnleggende menneskerettigheter og andre arbeidsforhold.<\/p>\n<p>Der vi er usikre p\u00e5 hvilken p\u00e5virkning partnere, leverand\u00f8rer og kunder p\u00e5virker omverden, stiller vi krav om redegj\u00f8relse og dokumentasjon. Dersom den mottatte dokumentasjon ikke tilfredsstiller ivaretakelse av grunnleggende menneskerettigheter og anstendige arbeidsforhold, vil det kunne medf\u00f8re konsekvenser for kontraktsforholdet med Batteriretur. I normale tilfeller vil vi s\u00f8ke \u00e5 p\u00e5virke leverand\u00f8ren for \u00e5 minimere risiko og reparere eventuelle brudd som er beg\u00e5tt.<\/p>\n<p>AS Batteriretur sin m\u00e5lsetning er at alle mennesker som leverer innsatsfaktorer til v\u00e5r virksomhet, skal ha gode liv og l\u00f8nn til \u00e5 leve av.<\/p>\n<p>Ta kontakt med oss dersom du \u00f8nsker ytterligere informasjon.<\/p>\n<p><strong>ETISKE RETNINGSLINJER FOR AS BATTERIRETUR<\/strong><br \/>\nAS Batteriretur ble etablert i 1993 for \u00e5 ivareta kommende forskriftsregulering vedr\u00f8rende blybatterier som avfall, og selskapet var i drift fra januar 1994.<\/p>\n<p>Virksomhetsomr\u00e5det er produsentansvaret for start og industribatterier.<\/p>\n<p>Selskapet er organisert som et kostnadssted, med produsenter og import\u00f8rer av start- og industribatterier som eiere.<\/p>\n<p>Selskapets kontor ligger i Fredrikstad og organiserer landsdekkende innsamling av batterier som gjenvinnes i et internasjonalt r\u00e5varemarked.<\/p>\n<p>I selskapets vedtatte retningslinjer for \u00abEierstyring og selskapsledelse\u00bb er<br \/>\ndet nedfelt grunnleggende verdier \/ m\u00e5l for virksomheten som det er naturlig \u00e5 bygge p\u00e5 i dette dokumentet. P\u00e5 den m\u00e5ten synliggj\u00f8r vi for omverdenen hvordan vi \u00f8nsker \u00e5 drive v\u00e5r forretning.<\/p>\n<p>GRUNNLEGGENDE VERDIER\/ M\u00c5L FOR VIRKSOMHETEN<br \/>\nM\u00e5lsetting<br \/>\nDrive landsdekkende innsamling og start- og industribatterier hvor alle krav til milj\u00f8sikkerhet ivaretas og med lavest mulig gebyr.<\/p>\n<p>Effektivitet \u2013 Milj\u00f8sikkerhet<br \/>\n\u2022 Opprettholde h\u00f8y standard innenfor milj\u00f8sikkerhet \u2013 innsamlere tilbys informasjon og veiledning om god praksis vedr\u00f8rende gjenvinning, h\u00e5ndtering og transport av kasserte batterier- gjenvinning av kasserte batterier skal gj\u00f8res ved h\u00f8yverdige, godkjente anlegg \u2013 god sporbarhet skal v\u00e6re sikret fra innsamler til gjenvinningsanlegg.<\/p>\n<ul>\n<li>Kunnskapsformidling \u2013 inneha og spre kunnskap om batterier som avfall. Dette kan ogs\u00e5 benyttes i forhold til andre bransjer slik at den verdifulle kompetanse man besitter kan komme til nytte i andre bransjer og sammenhenger.<\/li>\n<li>Informasjonsansvar som tjenesteleverand\u00f8r p\u00e5 vegne av produsentene slik det er nedfelt i batteri- og avfallsforskrifter.<\/li>\n<\/ul>\n<p>Langsiktighet og n\u00f8kternhet<br \/>\n\u2022 Selskapet skal v\u00e6re en langsiktig akt\u00f8r i bransjen og videref\u00f8re det gode kvalitetsarbeidet som er nedlagt gjennom mer enn ti \u00e5r. \u00c5 etterleve kravene i relevante norske forskrifter er avgj\u00f8rende for selskapet.<\/p>\n<ul>\n<li>Gebyrsatser og innsamlergodtgj\u00f8relse sett sammen med pris p\u00e5 gjenvunnet avfall skal gi en tilfredsstillende egenkapital slik at selskapet er i stand til \u00e5 m\u00f8te svingninger i metallprisene.<\/li>\n<li>N\u00f8kternhet i kostnader skal v\u00e6re en viktig ledetr\u00e5d for hele virksomheten fra innsamling til gjenvinning og i administrasjon og styre.<\/li>\n<\/ul>\n<p>\u00c5penhet<br \/>\n\u2022 Alle selskaper som er produsent eller import\u00f8r av start- og industribatterier har rett til \u00e5 v\u00e6re aksjon\u00e6r i selskapet. Alle aksjon\u00e6rer har rett til lik eierandel.<\/p>\n<ul>\n<li>Det er videre en viktig leveregel at det hersker full \u00e5penhet rundt den kommunikasjon som skjer fra selskapets side og at kundeinformasjon er likeartet enten den g\u00e5r til kunder\/ eiere eller til rene kunder. Informasjon til \u00f8vrige interessegrupper skal ogs\u00e5 v\u00e6re \u00e5pen og tilgjengelig.<\/li>\n<li>Kundeinformasjon skal likestilles til kunder\/aksjeeiere og \u00f8vrige kunder. Det er spesielt viktig at kunder som ogs\u00e5 er aksjeeiere ikke f\u00e5r mer\/bedre informasjon enn de \u00f8vrige kundene slik at det oppst\u00e5r et konkurransefortrinn.<\/li>\n<\/ul>\n<p>Uavhengighet<br \/>\n\u2022 I forhold til innsamlere er det viktig at innsamlere som ogs\u00e5 er med p\u00e5 eiersiden ikke har noe konkurransefortrinn fremfor en hvilken som helst annen innsamler. Enhver avtale skal oppfylle kravene til armlengde\u00ad prinsippet slik at ingen kan kritiseres for \u00abinnsidehandel\u00bb og at selskapet oppn\u00e5r best mulig pris og betingelser.<\/p>\n<ul>\n<li>Det skal tilstrebes at man har minst to gjenvinningsverk \u00e5 levere retur\u00ad avfallet til slik at man f\u00e5r en best mulig markedspris for avfallet. Gjenvinningsverk hvor det eventuelt er felles eierinteresser med aksjon\u00e6rer i AS Batteriretur skal kunne konkurrere p\u00e5 lik linje med \u00f8vrige gjenvinningsverk.<\/li>\n<\/ul>\n<p>Respekt for menneskerettigheter og anstendige arbeidsforhold<br \/>\n\u2022 Selskapet skal gjennom sin virksomhet opptre p\u00e5 en m\u00e5te som er forenlig med og respekterer internasjonalt anerkjente menneskerettigheter. Dette gjelder s\u00e5 vel for v\u00e5r egen virksomhet, som for v\u00e5re forretningspartnere. Forretningspartnere skal sikre at de ikke medvirker til brudd p\u00e5 menneskerettighetene.<\/p>\n<ul>\n<li>S\u00e6rlig gjelder disse prioriteringsomr\u00e5dene:<br \/>\na) Ikke-diskriminering: Vi arbeider for at alle arbeidstakere behandles rettferdig og uten diskriminering.<br \/>\nb) Moderne slaveri: Vi arbeider mot alle former for menneskehandel og tvangsarbeid, herunder ulovlig barnearbeid.<br \/>\nc) Sikre arbeidsforhold: Vi arbeider for trygge, sunne og sikre arbeidsforhold.<br \/>\nd) Anstendige arbeidsvilk\u00e5r: Vi arbeider for rettferdige l\u00f8nninger og rimelig arbeidstid.<\/li>\n<li>Selskapet krever at alle v\u00e5re ansatte, innleid personell og \u00f8vrige forretningspartnere gj\u00f8r seg kjent med og etterlever selskapets retningslinjer om respekt for menneskerettigheter og anstendige arbeidsforhold.<\/li>\n<\/ul>\n<p><strong>Signert\u00a0<\/strong><\/p>\n<p><strong>Tor Henrik Svendsen \u2013 CEO<\/strong><br \/>\n<strong>Knut Olav Seland \u2013 Styreleder<\/strong><\/p>","protected":false},"excerpt":{"rendered":"<p>Aktsomhetsvurdering V\u00e5r redegj\u00f8relse etter \u00e5penhetsloven AS Batteriretur er et godkjent returselskap, \u00a0for alle kategorier batterier. Selskapet samler inn og gjenvinner [&hellip;]<\/p>\n","protected":false},"author":7,"featured_media":0,"parent":0,"menu_order":0,"comment_status":"closed","ping_status":"closed","template":"","meta":{"_acf_changed":false,"footnotes":""},"class_list":["post-2987","page","type-page","status-publish","hentry"],"acf":[],"yoast_head":"<!-- This site is optimized with the Yoast SEO plugin v27.3 - https:\/\/yoast.com\/product\/yoast-seo-wordpress\/ -->\n<title>Aktsomhetsvurdering - Batteriretur<\/title>\n<meta name=\"robots\" content=\"index, follow, max-snippet:-1, max-image-preview:large, max-video-preview:-1\" \/>\n<link rel=\"canonical\" href=\"https:\/\/batteriretur.no\/en\/aktsomhetsvurdering\/\" \/>\n<meta property=\"og:locale\" content=\"en_US\" \/>\n<meta property=\"og:type\" content=\"article\" \/>\n<meta property=\"og:title\" content=\"Aktsomhetsvurdering - Batteriretur\" \/>\n<meta property=\"og:description\" content=\"Aktsomhetsvurdering V\u00e5r redegj\u00f8relse etter \u00e5penhetsloven AS Batteriretur er et godkjent returselskap, \u00a0for alle kategorier batterier. Selskapet samler inn og gjenvinner [&hellip;]\" \/>\n<meta property=\"og:url\" content=\"https:\/\/batteriretur.no\/en\/aktsomhetsvurdering\/\" \/>\n<meta property=\"og:site_name\" content=\"Batteriretur\" \/>\n<meta property=\"article:modified_time\" content=\"2025-07-02T08:05:58+00:00\" \/>\n<meta property=\"og:image\" content=\"https:\/\/batteriretur.no\/wp-content\/uploads\/2018\/02\/batterier_facebook.jpg\" \/>\n\t<meta property=\"og:image:width\" content=\"1200\" \/>\n\t<meta property=\"og:image:height\" content=\"630\" \/>\n\t<meta property=\"og:image:type\" content=\"image\/jpeg\" \/>\n<meta name=\"twitter:card\" content=\"summary_large_image\" \/>\n<meta name=\"twitter:label1\" content=\"Est. reading time\" \/>\n\t<meta name=\"twitter:data1\" content=\"7 minutes\" \/>\n<script type=\"application\/ld+json\" class=\"yoast-schema-graph\">{\"@context\":\"https:\\\/\\\/schema.org\",\"@graph\":[{\"@type\":\"WebPage\",\"@id\":\"https:\\\/\\\/batteriretur.no\\\/aktsomhetsvurdering\\\/\",\"url\":\"https:\\\/\\\/batteriretur.no\\\/aktsomhetsvurdering\\\/\",\"name\":\"Aktsomhetsvurdering - Batteriretur\",\"isPartOf\":{\"@id\":\"https:\\\/\\\/batteriretur.no\\\/#website\"},\"datePublished\":\"2023-06-30T06:53:19+00:00\",\"dateModified\":\"2025-07-02T08:05:58+00:00\",\"breadcrumb\":{\"@id\":\"https:\\\/\\\/batteriretur.no\\\/aktsomhetsvurdering\\\/#breadcrumb\"},\"inLanguage\":\"en-US\",\"potentialAction\":[{\"@type\":\"ReadAction\",\"target\":[\"https:\\\/\\\/batteriretur.no\\\/aktsomhetsvurdering\\\/\"]}]},{\"@type\":\"BreadcrumbList\",\"@id\":\"https:\\\/\\\/batteriretur.no\\\/aktsomhetsvurdering\\\/#breadcrumb\",\"itemListElement\":[{\"@type\":\"ListItem\",\"position\":1,\"name\":\"Hjem\",\"item\":\"https:\\\/\\\/batteriretur.no\\\/\"},{\"@type\":\"ListItem\",\"position\":2,\"name\":\"Aktsomhetsvurdering\"}]},{\"@type\":\"WebSite\",\"@id\":\"https:\\\/\\\/batteriretur.no\\\/#website\",\"url\":\"https:\\\/\\\/batteriretur.no\\\/\",\"name\":\"Batteriretur\",\"description\":\"Fremtiden er elektrisk\",\"publisher\":{\"@id\":\"https:\\\/\\\/batteriretur.no\\\/#organization\"},\"potentialAction\":[{\"@type\":\"SearchAction\",\"target\":{\"@type\":\"EntryPoint\",\"urlTemplate\":\"https:\\\/\\\/batteriretur.no\\\/?s={search_term_string}\"},\"query-input\":{\"@type\":\"PropertyValueSpecification\",\"valueRequired\":true,\"valueName\":\"search_term_string\"}}],\"inLanguage\":\"en-US\"},{\"@type\":\"Organization\",\"@id\":\"https:\\\/\\\/batteriretur.no\\\/#organization\",\"name\":\"Batteriretur\",\"url\":\"https:\\\/\\\/batteriretur.no\\\/\",\"logo\":{\"@type\":\"ImageObject\",\"inLanguage\":\"en-US\",\"@id\":\"https:\\\/\\\/batteriretur.no\\\/#\\\/schema\\\/logo\\\/image\\\/\",\"url\":\"https:\\\/\\\/batteriretur.no\\\/wp-content\\\/uploads\\\/2018\\\/02\\\/batterier_facebook.jpg\",\"contentUrl\":\"https:\\\/\\\/batteriretur.no\\\/wp-content\\\/uploads\\\/2018\\\/02\\\/batterier_facebook.jpg\",\"width\":1200,\"height\":630,\"caption\":\"Batteriretur\"},\"image\":{\"@id\":\"https:\\\/\\\/batteriretur.no\\\/#\\\/schema\\\/logo\\\/image\\\/\"}}]}<\/script>\n<!-- \/ Yoast SEO plugin. -->","yoast_head_json":{"title":"Aktsomhetsvurdering - Batteriretur","robots":{"index":"index","follow":"follow","max-snippet":"max-snippet:-1","max-image-preview":"max-image-preview:large","max-video-preview":"max-video-preview:-1"},"canonical":"https:\/\/batteriretur.no\/en\/aktsomhetsvurdering\/","og_locale":"en_US","og_type":"article","og_title":"Aktsomhetsvurdering - Batteriretur","og_description":"Aktsomhetsvurdering V\u00e5r redegj\u00f8relse etter \u00e5penhetsloven AS Batteriretur er et godkjent returselskap, \u00a0for alle kategorier batterier. Selskapet samler inn og gjenvinner [&hellip;]","og_url":"https:\/\/batteriretur.no\/en\/aktsomhetsvurdering\/","og_site_name":"Batteriretur","article_modified_time":"2025-07-02T08:05:58+00:00","og_image":[{"width":1200,"height":630,"url":"https:\/\/batteriretur.no\/wp-content\/uploads\/2018\/02\/batterier_facebook.jpg","type":"image\/jpeg"}],"twitter_card":"summary_large_image","twitter_misc":{"Est. reading time":"7 minutes"},"schema":{"@context":"https:\/\/schema.org","@graph":[{"@type":"WebPage","@id":"https:\/\/batteriretur.no\/aktsomhetsvurdering\/","url":"https:\/\/batteriretur.no\/aktsomhetsvurdering\/","name":"Aktsomhetsvurdering - Batteriretur","isPartOf":{"@id":"https:\/\/batteriretur.no\/#website"},"datePublished":"2023-06-30T06:53:19+00:00","dateModified":"2025-07-02T08:05:58+00:00","breadcrumb":{"@id":"https:\/\/batteriretur.no\/aktsomhetsvurdering\/#breadcrumb"},"inLanguage":"en-US","potentialAction":[{"@type":"ReadAction","target":["https:\/\/batteriretur.no\/aktsomhetsvurdering\/"]}]},{"@type":"BreadcrumbList","@id":"https:\/\/batteriretur.no\/aktsomhetsvurdering\/#breadcrumb","itemListElement":[{"@type":"ListItem","position":1,"name":"Hjem","item":"https:\/\/batteriretur.no\/"},{"@type":"ListItem","position":2,"name":"Aktsomhetsvurdering"}]},{"@type":"WebSite","@id":"https:\/\/batteriretur.no\/#website","url":"https:\/\/batteriretur.no\/","name":"Batteriretur","description":"Fremtiden er elektrisk","publisher":{"@id":"https:\/\/batteriretur.no\/#organization"},"potentialAction":[{"@type":"SearchAction","target":{"@type":"EntryPoint","urlTemplate":"https:\/\/batteriretur.no\/?s={search_term_string}"},"query-input":{"@type":"PropertyValueSpecification","valueRequired":true,"valueName":"search_term_string"}}],"inLanguage":"en-US"},{"@type":"Organization","@id":"https:\/\/batteriretur.no\/#organization","name":"Batteriretur","url":"https:\/\/batteriretur.no\/","logo":{"@type":"ImageObject","inLanguage":"en-US","@id":"https:\/\/batteriretur.no\/#\/schema\/logo\/image\/","url":"https:\/\/batteriretur.no\/wp-content\/uploads\/2018\/02\/batterier_facebook.jpg","contentUrl":"https:\/\/batteriretur.no\/wp-content\/uploads\/2018\/02\/batterier_facebook.jpg","width":1200,"height":630,"caption":"Batteriretur"},"image":{"@id":"https:\/\/batteriretur.no\/#\/schema\/logo\/image\/"}}]}},"_links":{"self":[{"href":"https:\/\/batteriretur.no\/en\/wp-json\/wp\/v2\/pages\/2987","targetHints":{"allow":["GET"]}}],"collection":[{"href":"https:\/\/batteriretur.no\/en\/wp-json\/wp\/v2\/pages"}],"about":[{"href":"https:\/\/batteriretur.no\/en\/wp-json\/wp\/v2\/types\/page"}],"author":[{"embeddable":true,"href":"https:\/\/batteriretur.no\/en\/wp-json\/wp\/v2\/users\/7"}],"replies":[{"embeddable":true,"href":"https:\/\/batteriretur.no\/en\/wp-json\/wp\/v2\/comments?post=2987"}],"version-history":[{"count":6,"href":"https:\/\/batteriretur.no\/en\/wp-json\/wp\/v2\/pages\/2987\/revisions"}],"predecessor-version":[{"id":3468,"href":"https:\/\/batteriretur.no\/en\/wp-json\/wp\/v2\/pages\/2987\/revisions\/3468"}],"wp:attachment":[{"href":"https:\/\/batteriretur.no\/en\/wp-json\/wp\/v2\/media?parent=2987"}],"curies":[{"name":"wp","href":"https:\/\/api.w.org\/{rel}","templated":true}]}}