{"id":2349,"date":"2021-03-29T20:30:20","date_gmt":"2021-03-29T18:30:20","guid":{"rendered":"https:\/\/batteriretur.no\/?page_id=2349"},"modified":"2023-04-27T15:20:42","modified_gmt":"2023-04-27T13:20:42","slug":"batcast","status":"publish","type":"page","link":"https:\/\/batteriretur.no\/en\/batcast\/","title":{"rendered":"BatCast"},"content":{"rendered":"<h1><\/h1>\n<h1><\/h1>\n<h1>Episode 7<br \/>\n<div id=\"buzzsprout-player-11911176\"><\/div>\n\t\t\t\t <script src=\"https:\/\/www.buzzsprout.com\/1741977\/11911176.js?container_id=buzzsprout-player-11911176&amp;player=small\" type=\"text\/javascript\" charset=\"utf-8\"><\/script><\/h1>\n<p>Fredrik og Jens snakker om blant annet Batterisikkerhet og elsykler i denne episoden. Batterijakten 2023 er p\u00e5 trappene og du f\u00e5r ogs\u00e5 litt innsikt i bakgrunnen til hvordan Hydrovolt oppstod.<\/p>\n<div class=\"responsive-embed widescreen\"><iframe loading=\"lazy\" title=\"Batcast episode 7\" width=\"500\" height=\"281\" src=\"https:\/\/www.youtube.com\/embed\/tcG4lhXWOmw?feature=oembed\" frameborder=\"0\" allow=\"accelerometer; autoplay; clipboard-write; encrypted-media; gyroscope; picture-in-picture; web-share\" referrerpolicy=\"strict-origin-when-cross-origin\" allowfullscreen><\/iframe><\/div>\n<h1><\/h1>\n<h1>Episode 6<\/h1>\n<div id=\"buzzsprout-player-11289088\"><\/div>\n\t\t\t\t <script src=\"https:\/\/www.buzzsprout.com\/1741977\/11289088.js?container_id=buzzsprout-player-11289088&amp;player=small\" type=\"text\/javascript\" charset=\"utf-8\"><\/script>\n<div class=\"responsive-embed widescreen\"><iframe loading=\"lazy\" title=\"Batcast episode 6\" width=\"500\" height=\"281\" src=\"https:\/\/www.youtube.com\/embed\/_QFHkPEaUGY?feature=oembed\" frameborder=\"0\" allow=\"accelerometer; autoplay; clipboard-write; encrypted-media; gyroscope; picture-in-picture; web-share\" referrerpolicy=\"strict-origin-when-cross-origin\" allowfullscreen><\/iframe><\/div>\n<h1>Episode 5<\/h1>\n<p><div id=\"buzzsprout-player-8801127\"><\/div>\n\t\t\t\t <script src=\"https:\/\/www.buzzsprout.com\/1741977\/8801127.js?container_id=buzzsprout-player-8801127&amp;player=small\" type=\"text\/javascript\" charset=\"utf-8\"><\/script><br \/>\nFredrik forteller litt om hvordan planene for \u00e5 bygge et resirkuleringsanlegg for elbil batterier oppstod, samt litt om Hydro og Northvolts satsning p\u00e5 batterier.<\/p>\n<div class=\"responsive-embed widescreen\"><iframe loading=\"lazy\" title=\"Batcast episode 5\" width=\"500\" height=\"281\" src=\"https:\/\/www.youtube.com\/embed\/V_ihlJfykkE?feature=oembed\" frameborder=\"0\" allow=\"accelerometer; autoplay; clipboard-write; encrypted-media; gyroscope; picture-in-picture; web-share\" referrerpolicy=\"strict-origin-when-cross-origin\" allowfullscreen><\/iframe><\/div>\n<h1>Episode 4<\/h1>\n<p><div id=\"buzzsprout-player-8801125\"><\/div>\n\t\t\t\t <script src=\"https:\/\/www.buzzsprout.com\/1741977\/8801125.js?container_id=buzzsprout-player-8801125&amp;player=small\" type=\"text\/javascript\" charset=\"utf-8\"><\/script><br \/>\nI episode 4 av Batcast har Fredrik og Jens f\u00e5tt bes\u00f8k av generalsekret\u00e6r i Elbilforeningen, Christina Bu. Det snakkes om elektrifisering av bilparker, avgifter, nullutslipp og utfordringer med tanke p\u00e5 framtiden.<\/p>\n<div class=\"responsive-embed widescreen\"><iframe loading=\"lazy\" title=\"Batcast episode 4\" width=\"500\" height=\"281\" src=\"https:\/\/www.youtube.com\/embed\/Puw_WxdJQG0?feature=oembed\" frameborder=\"0\" allow=\"accelerometer; autoplay; clipboard-write; encrypted-media; gyroscope; picture-in-picture; web-share\" referrerpolicy=\"strict-origin-when-cross-origin\" allowfullscreen><\/iframe><\/div>\n<h1>Episode 3<\/h1>\n<div id=\"buzzsprout-player-8717687\"><\/div>\n\t\t\t\t <script src=\"https:\/\/www.buzzsprout.com\/1741977\/8717687.js?container_id=buzzsprout-player-8717687&amp;player=small\" type=\"text\/javascript\" charset=\"utf-8\"><\/script>\n<div class=\"responsive-embed widescreen\"><iframe loading=\"lazy\" title=\"Batcast episode 3\" width=\"500\" height=\"281\" src=\"https:\/\/www.youtube.com\/embed\/t2Amf7rGXvE?feature=oembed\" frameborder=\"0\" allow=\"accelerometer; autoplay; clipboard-write; encrypted-media; gyroscope; picture-in-picture; web-share\" referrerpolicy=\"strict-origin-when-cross-origin\" allowfullscreen><\/iframe><\/div>\n<p>&nbsp;<\/p>\n<hr \/>\n<h1>Episode 2<\/h1>\n<p><div id=\"buzzsprout-player-8435669\"><\/div>\n\t\t\t\t <script src=\"https:\/\/www.buzzsprout.com\/1741977\/8435669.js?container_id=buzzsprout-player-8435669&amp;player=small\" type=\"text\/javascript\" charset=\"utf-8\"><\/script><br \/>\nEpisode 2 i v\u00e5r BatCast! I den f\u00f8rste Batcasten snakket vi mest om husholdningsbatterier. Her kommer batcast nummer to og denne gang er hovedtemaet elektriske bilbatterier. Mye nyttig informasjon \u00e5 hente her.<\/p>\n<div class=\"responsive-embed widescreen\"><iframe loading=\"lazy\" title=\"Batcast episode 2\" width=\"500\" height=\"281\" src=\"https:\/\/www.youtube.com\/embed\/GOIlDKmFFBk?feature=oembed\" frameborder=\"0\" allow=\"accelerometer; autoplay; clipboard-write; encrypted-media; gyroscope; picture-in-picture; web-share\" referrerpolicy=\"strict-origin-when-cross-origin\" allowfullscreen><\/iframe><\/div>\n<p>&nbsp;<\/p>\n<hr \/>\n<h1><\/h1>\n<h1>Episode 1<\/h1>\n<div id=\"buzzsprout-player-8209823\"><\/div>\n\t\t\t\t <script src=\"https:\/\/www.buzzsprout.com\/1741977\/8209823.js?container_id=buzzsprout-player-8209823&amp;player=small\" type=\"text\/javascript\" charset=\"utf-8\"><\/script>\n<div class=\"responsive-embed widescreen\"><iframe loading=\"lazy\" title=\"Batcast 1 Batteriretur\" width=\"500\" height=\"281\" src=\"https:\/\/www.youtube.com\/embed\/BDf265i-pSI?feature=oembed\" frameborder=\"0\" allow=\"accelerometer; autoplay; clipboard-write; encrypted-media; gyroscope; picture-in-picture; web-share\" referrerpolicy=\"strict-origin-when-cross-origin\" allowfullscreen><\/iframe><\/div>\n<p>&nbsp;<\/p>","protected":false},"excerpt":{"rendered":"<p>Episode 7 Fredrik og Jens snakker om blant annet Batterisikkerhet og elsykler i denne episoden. Batterijakten 2023 er p\u00e5 trappene [&hellip;]<\/p>\n","protected":false},"author":1,"featured_media":2287,"parent":0,"menu_order":0,"comment_status":"closed","ping_status":"closed","template":"page-templates\/page-custom.php","meta":{"_acf_changed":false,"footnotes":""},"class_list":["post-2349","page","type-page","status-publish","has-post-thumbnail","hentry"],"acf":[],"yoast_head":"<!-- This site is optimized with the Yoast SEO plugin v27.3 - https:\/\/yoast.com\/product\/yoast-seo-wordpress\/ -->\n<title>BatCast - Batteriretur<\/title>\n<meta name=\"robots\" content=\"index, follow, max-snippet:-1, max-image-preview:large, max-video-preview:-1\" \/>\n<link rel=\"canonical\" href=\"https:\/\/batteriretur.no\/en\/batcast\/\" \/>\n<meta property=\"og:locale\" content=\"en_US\" \/>\n<meta property=\"og:type\" content=\"article\" \/>\n<meta property=\"og:title\" content=\"BatCast - Batteriretur\" \/>\n<meta property=\"og:description\" content=\"Episode 7 Fredrik og Jens snakker om blant annet Batterisikkerhet og elsykler i denne episoden. Batterijakten 2023 er p\u00e5 trappene [&hellip;]\" \/>\n<meta property=\"og:url\" content=\"https:\/\/batteriretur.no\/en\/batcast\/\" \/>\n<meta property=\"og:site_name\" content=\"Batteriretur\" \/>\n<meta property=\"article:modified_time\" content=\"2023-04-27T13:20:42+00:00\" \/>\n<meta property=\"og:image\" content=\"https:\/\/batteriretur.no\/wp-content\/uploads\/2021\/03\/Bil-06-scaled.jpg\" \/>\n\t<meta property=\"og:image:width\" content=\"2560\" \/>\n\t<meta property=\"og:image:height\" content=\"1696\" \/>\n\t<meta property=\"og:image:type\" content=\"image\/jpeg\" \/>\n<meta name=\"twitter:card\" content=\"summary_large_image\" \/>\n<meta name=\"twitter:label1\" content=\"Est. reading time\" \/>\n\t<meta name=\"twitter:data1\" content=\"1 minute\" \/>\n<script type=\"application\/ld+json\" class=\"yoast-schema-graph\">{\"@context\":\"https:\\\/\\\/schema.org\",\"@graph\":[{\"@type\":\"WebPage\",\"@id\":\"https:\\\/\\\/batteriretur.no\\\/batcast\\\/\",\"url\":\"https:\\\/\\\/batteriretur.no\\\/batcast\\\/\",\"name\":\"BatCast - Batteriretur\",\"isPartOf\":{\"@id\":\"https:\\\/\\\/batteriretur.no\\\/#website\"},\"primaryImageOfPage\":{\"@id\":\"https:\\\/\\\/batteriretur.no\\\/batcast\\\/#primaryimage\"},\"image\":{\"@id\":\"https:\\\/\\\/batteriretur.no\\\/batcast\\\/#primaryimage\"},\"thumbnailUrl\":\"https:\\\/\\\/batteriretur.no\\\/wp-content\\\/uploads\\\/2021\\\/03\\\/Bil-06-scaled.jpg\",\"datePublished\":\"2021-03-29T18:30:20+00:00\",\"dateModified\":\"2023-04-27T13:20:42+00:00\",\"breadcrumb\":{\"@id\":\"https:\\\/\\\/batteriretur.no\\\/batcast\\\/#breadcrumb\"},\"inLanguage\":\"en-US\",\"potentialAction\":[{\"@type\":\"ReadAction\",\"target\":[\"https:\\\/\\\/batteriretur.no\\\/batcast\\\/\"]}]},{\"@type\":\"ImageObject\",\"inLanguage\":\"en-US\",\"@id\":\"https:\\\/\\\/batteriretur.no\\\/batcast\\\/#primaryimage\",\"url\":\"https:\\\/\\\/batteriretur.no\\\/wp-content\\\/uploads\\\/2021\\\/03\\\/Bil-06-scaled.jpg\",\"contentUrl\":\"https:\\\/\\\/batteriretur.no\\\/wp-content\\\/uploads\\\/2021\\\/03\\\/Bil-06-scaled.jpg\",\"width\":2560,\"height\":1696},{\"@type\":\"BreadcrumbList\",\"@id\":\"https:\\\/\\\/batteriretur.no\\\/batcast\\\/#breadcrumb\",\"itemListElement\":[{\"@type\":\"ListItem\",\"position\":1,\"name\":\"Hjem\",\"item\":\"https:\\\/\\\/batteriretur.no\\\/\"},{\"@type\":\"ListItem\",\"position\":2,\"name\":\"BatCast\"}]},{\"@type\":\"WebSite\",\"@id\":\"https:\\\/\\\/batteriretur.no\\\/#website\",\"url\":\"https:\\\/\\\/batteriretur.no\\\/\",\"name\":\"Batteriretur\",\"description\":\"Fremtiden er elektrisk\",\"publisher\":{\"@id\":\"https:\\\/\\\/batteriretur.no\\\/#organization\"},\"potentialAction\":[{\"@type\":\"SearchAction\",\"target\":{\"@type\":\"EntryPoint\",\"urlTemplate\":\"https:\\\/\\\/batteriretur.no\\\/?s={search_term_string}\"},\"query-input\":{\"@type\":\"PropertyValueSpecification\",\"valueRequired\":true,\"valueName\":\"search_term_string\"}}],\"inLanguage\":\"en-US\"},{\"@type\":\"Organization\",\"@id\":\"https:\\\/\\\/batteriretur.no\\\/#organization\",\"name\":\"Batteriretur\",\"url\":\"https:\\\/\\\/batteriretur.no\\\/\",\"logo\":{\"@type\":\"ImageObject\",\"inLanguage\":\"en-US\",\"@id\":\"https:\\\/\\\/batteriretur.no\\\/#\\\/schema\\\/logo\\\/image\\\/\",\"url\":\"https:\\\/\\\/batteriretur.no\\\/wp-content\\\/uploads\\\/2018\\\/02\\\/batterier_facebook.jpg\",\"contentUrl\":\"https:\\\/\\\/batteriretur.no\\\/wp-content\\\/uploads\\\/2018\\\/02\\\/batterier_facebook.jpg\",\"width\":1200,\"height\":630,\"caption\":\"Batteriretur\"},\"image\":{\"@id\":\"https:\\\/\\\/batteriretur.no\\\/#\\\/schema\\\/logo\\\/image\\\/\"}}]}<\/script>\n<!-- \/ Yoast SEO plugin. -->","yoast_head_json":{"title":"BatCast - Batteriretur","robots":{"index":"index","follow":"follow","max-snippet":"max-snippet:-1","max-image-preview":"max-image-preview:large","max-video-preview":"max-video-preview:-1"},"canonical":"https:\/\/batteriretur.no\/en\/batcast\/","og_locale":"en_US","og_type":"article","og_title":"BatCast - Batteriretur","og_description":"Episode 7 Fredrik og Jens snakker om blant annet Batterisikkerhet og elsykler i denne episoden. Batterijakten 2023 er p\u00e5 trappene [&hellip;]","og_url":"https:\/\/batteriretur.no\/en\/batcast\/","og_site_name":"Batteriretur","article_modified_time":"2023-04-27T13:20:42+00:00","og_image":[{"width":2560,"height":1696,"url":"https:\/\/batteriretur.no\/wp-content\/uploads\/2021\/03\/Bil-06-scaled.jpg","type":"image\/jpeg"}],"twitter_card":"summary_large_image","twitter_misc":{"Est. reading time":"1 minute"},"schema":{"@context":"https:\/\/schema.org","@graph":[{"@type":"WebPage","@id":"https:\/\/batteriretur.no\/batcast\/","url":"https:\/\/batteriretur.no\/batcast\/","name":"BatCast - Batteriretur","isPartOf":{"@id":"https:\/\/batteriretur.no\/#website"},"primaryImageOfPage":{"@id":"https:\/\/batteriretur.no\/batcast\/#primaryimage"},"image":{"@id":"https:\/\/batteriretur.no\/batcast\/#primaryimage"},"thumbnailUrl":"https:\/\/batteriretur.no\/wp-content\/uploads\/2021\/03\/Bil-06-scaled.jpg","datePublished":"2021-03-29T18:30:20+00:00","dateModified":"2023-04-27T13:20:42+00:00","breadcrumb":{"@id":"https:\/\/batteriretur.no\/batcast\/#breadcrumb"},"inLanguage":"en-US","potentialAction":[{"@type":"ReadAction","target":["https:\/\/batteriretur.no\/batcast\/"]}]},{"@type":"ImageObject","inLanguage":"en-US","@id":"https:\/\/batteriretur.no\/batcast\/#primaryimage","url":"https:\/\/batteriretur.no\/wp-content\/uploads\/2021\/03\/Bil-06-scaled.jpg","contentUrl":"https:\/\/batteriretur.no\/wp-content\/uploads\/2021\/03\/Bil-06-scaled.jpg","width":2560,"height":1696},{"@type":"BreadcrumbList","@id":"https:\/\/batteriretur.no\/batcast\/#breadcrumb","itemListElement":[{"@type":"ListItem","position":1,"name":"Hjem","item":"https:\/\/batteriretur.no\/"},{"@type":"ListItem","position":2,"name":"BatCast"}]},{"@type":"WebSite","@id":"https:\/\/batteriretur.no\/#website","url":"https:\/\/batteriretur.no\/","name":"Batteriretur","description":"Fremtiden er elektrisk","publisher":{"@id":"https:\/\/batteriretur.no\/#organization"},"potentialAction":[{"@type":"SearchAction","target":{"@type":"EntryPoint","urlTemplate":"https:\/\/batteriretur.no\/?s={search_term_string}"},"query-input":{"@type":"PropertyValueSpecification","valueRequired":true,"valueName":"search_term_string"}}],"inLanguage":"en-US"},{"@type":"Organization","@id":"https:\/\/batteriretur.no\/#organization","name":"Batteriretur","url":"https:\/\/batteriretur.no\/","logo":{"@type":"ImageObject","inLanguage":"en-US","@id":"https:\/\/batteriretur.no\/#\/schema\/logo\/image\/","url":"https:\/\/batteriretur.no\/wp-content\/uploads\/2018\/02\/batterier_facebook.jpg","contentUrl":"https:\/\/batteriretur.no\/wp-content\/uploads\/2018\/02\/batterier_facebook.jpg","width":1200,"height":630,"caption":"Batteriretur"},"image":{"@id":"https:\/\/batteriretur.no\/#\/schema\/logo\/image\/"}}]}},"_links":{"self":[{"href":"https:\/\/batteriretur.no\/en\/wp-json\/wp\/v2\/pages\/2349","targetHints":{"allow":["GET"]}}],"collection":[{"href":"https:\/\/batteriretur.no\/en\/wp-json\/wp\/v2\/pages"}],"about":[{"href":"https:\/\/batteriretur.no\/en\/wp-json\/wp\/v2\/types\/page"}],"author":[{"embeddable":true,"href":"https:\/\/batteriretur.no\/en\/wp-json\/wp\/v2\/users\/1"}],"replies":[{"embeddable":true,"href":"https:\/\/batteriretur.no\/en\/wp-json\/wp\/v2\/comments?post=2349"}],"version-history":[{"count":26,"href":"https:\/\/batteriretur.no\/en\/wp-json\/wp\/v2\/pages\/2349\/revisions"}],"predecessor-version":[{"id":2957,"href":"https:\/\/batteriretur.no\/en\/wp-json\/wp\/v2\/pages\/2349\/revisions\/2957"}],"wp:featuredmedia":[{"embeddable":true,"href":"https:\/\/batteriretur.no\/en\/wp-json\/wp\/v2\/media\/2287"}],"wp:attachment":[{"href":"https:\/\/batteriretur.no\/en\/wp-json\/wp\/v2\/media?parent=2349"}],"curies":[{"name":"wp","href":"https:\/\/api.w.org\/{rel}","templated":true}]}}