{"id":23,"date":"2017-12-05T10:28:56","date_gmt":"2017-12-05T09:28:56","guid":{"rendered":"http:\/\/localhost:8888\/batteriretur\/?page_id=23"},"modified":"2023-10-10T13:26:19","modified_gmt":"2023-10-10T11:26:19","slug":"husholdningsbatterier","status":"publish","type":"page","link":"https:\/\/batteriretur.no\/en\/husholdningsbatterier\/","title":{"rendered":"Household batteries"},"content":{"rendered":"<h2>Where can you return batteries?<\/h2>\n<p>Dealers are obliged to accept batteries of the same type that they sell. Some retailers may have a sticker on the door notifying customers that they accept batteries for recycling, but not all retailers use stickers despite also selling batteries.<\/p>\n<p>Many retailers have their own environmental stations located in the store where you can drop off batteries. Some stores may have a battery return box for collecting alkaline batteries. Alkaline batteries are often referred to as household batteries, and these are the batteries you can buy at e.g. grocery stores and kiosks.<\/p>\n<p>There may be some residual energy left in the batteries, so tape the poles of the batteries before putting them into the box. Batteries can also be delivered to municipal waste disposal sites or hazardous waste disposal sites.<\/p>\n<p>There are different programs in the different municipalities, check on <a href=\"https:\/\/sortere.no\" target=\"_blank\" rel=\"noopener\">sortere.no<\/a> for your municipality.<\/p>\n<h2>About batteries<\/h2>\n<p>Vi skiller p\u00e5 batterier som ikke inneholde de milj\u00f8skadelige tungmetallene bly, kadmium og kvikks\u00f8lv og de batteriene som inneholder dette. Batterier som ikke inneholde disse tungmetallene er f\u00f8lgende batterier: alkaliske, litium, Li-ion og NiMH. Det finnes ulike typer batterier som ikke inneholder de milj\u00f8skadelige tungmetallene kadmium eller bly, og det er alkaliske, Litium, Li-ion og NiMH batterier. Nikkelkadmium (NiCd)- og blybatterier inneholder enten tungmetallet cadmium eller bly og er de milj\u00f8skadelige batteriene. Alle batterier skal v\u00e6re merket med ei overkrysset s\u00f8ppelb\u00f8tte, og for de milj\u00f8skadelige skal det st\u00e5 enten Pb (bly) eller Cd (cadmium) under s\u00f8ppelb\u00f8tta.<\/p>\n<p>Read more about environmentally harmful elements on <a href=\"https:\/\/miljostatus.miljodirektoratet.no\/tema\/miljogifter\/farlige-stoffer-i-produkter\/\" target=\"_blank\" rel=\"noopener noreferrer\">Milj\u00f8status i Norge<\/a> and <a href=\"https:\/\/www.miljodirektoratet.no\/ansvarsomrader\/kjemikalier\/forbrukerinformasjon-om-kjemikalier-og-produkter\/\" target=\"_blank\" rel=\"noopener noreferrer\">Er det farlig<\/a>.<\/p>\n<h2>Recycling of batteries<\/h2>\n<p>Batteries collected via the Batteriretur system are recycled at approved recycling facilities in Europe. The different types of batteries go to different recycling plants. We only use the best battery recycling facilities.<\/p>\n<h3>Recycling makes collective sense!<\/h3>\n<p>&nbsp;<\/p>","protected":false},"excerpt":{"rendered":"<p>Hvor kan du levere batterier? Forhandlere er forpliktet til \u00e5 ta imot batterier av samme type som de selger. Noen [&hellip;]<\/p>\n","protected":false},"author":1,"featured_media":1901,"parent":0,"menu_order":15,"comment_status":"closed","ping_status":"closed","template":"page-templates\/page-custom.php","meta":{"_acf_changed":false,"footnotes":""},"class_list":["post-23","page","type-page","status-publish","has-post-thumbnail","hentry"],"acf":[],"yoast_head":"<!-- This site is optimized with the Yoast SEO plugin v27.4 - https:\/\/yoast.com\/product\/yoast-seo-wordpress\/ -->\n<title>Husholdningsbatterier - Batteriretur<\/title>\n<meta name=\"robots\" content=\"index, follow, max-snippet:-1, max-image-preview:large, max-video-preview:-1\" \/>\n<link rel=\"canonical\" href=\"https:\/\/batteriretur.no\/en\/husholdningsbatterier\/\" \/>\n<meta property=\"og:locale\" content=\"en_US\" \/>\n<meta property=\"og:type\" content=\"article\" \/>\n<meta property=\"og:title\" content=\"Husholdningsbatterier - Batteriretur\" \/>\n<meta property=\"og:description\" content=\"Hvor kan du levere batterier? Forhandlere er forpliktet til \u00e5 ta imot batterier av samme type som de selger. Noen [&hellip;]\" \/>\n<meta property=\"og:url\" content=\"https:\/\/batteriretur.no\/en\/husholdningsbatterier\/\" \/>\n<meta property=\"og:site_name\" content=\"Batteriretur\" \/>\n<meta property=\"article:modified_time\" content=\"2023-10-10T11:26:19+00:00\" \/>\n<meta property=\"og:image\" content=\"https:\/\/batteriretur.no\/wp-content\/uploads\/2020\/05\/husholdning-shutterstock_408413395.jpg\" \/>\n\t<meta property=\"og:image:width\" content=\"2500\" \/>\n\t<meta property=\"og:image:height\" content=\"1440\" \/>\n\t<meta property=\"og:image:type\" content=\"image\/jpeg\" \/>\n<meta name=\"twitter:card\" content=\"summary_large_image\" \/>\n<meta name=\"twitter:label1\" content=\"Est. reading time\" \/>\n\t<meta name=\"twitter:data1\" content=\"2 minutes\" \/>\n<script type=\"application\/ld+json\" class=\"yoast-schema-graph\">{\"@context\":\"https:\\\/\\\/schema.org\",\"@graph\":[{\"@type\":\"WebPage\",\"@id\":\"https:\\\/\\\/batteriretur.no\\\/husholdningsbatterier\\\/\",\"url\":\"https:\\\/\\\/batteriretur.no\\\/husholdningsbatterier\\\/\",\"name\":\"Husholdningsbatterier - Batteriretur\",\"isPartOf\":{\"@id\":\"https:\\\/\\\/batteriretur.no\\\/#website\"},\"primaryImageOfPage\":{\"@id\":\"https:\\\/\\\/batteriretur.no\\\/husholdningsbatterier\\\/#primaryimage\"},\"image\":{\"@id\":\"https:\\\/\\\/batteriretur.no\\\/husholdningsbatterier\\\/#primaryimage\"},\"thumbnailUrl\":\"https:\\\/\\\/batteriretur.no\\\/wp-content\\\/uploads\\\/2020\\\/05\\\/husholdning-shutterstock_408413395.jpg\",\"datePublished\":\"2017-12-05T09:28:56+00:00\",\"dateModified\":\"2023-10-10T11:26:19+00:00\",\"breadcrumb\":{\"@id\":\"https:\\\/\\\/batteriretur.no\\\/husholdningsbatterier\\\/#breadcrumb\"},\"inLanguage\":\"en-US\",\"potentialAction\":[{\"@type\":\"ReadAction\",\"target\":[\"https:\\\/\\\/batteriretur.no\\\/husholdningsbatterier\\\/\"]}]},{\"@type\":\"ImageObject\",\"inLanguage\":\"en-US\",\"@id\":\"https:\\\/\\\/batteriretur.no\\\/husholdningsbatterier\\\/#primaryimage\",\"url\":\"https:\\\/\\\/batteriretur.no\\\/wp-content\\\/uploads\\\/2020\\\/05\\\/husholdning-shutterstock_408413395.jpg\",\"contentUrl\":\"https:\\\/\\\/batteriretur.no\\\/wp-content\\\/uploads\\\/2020\\\/05\\\/husholdning-shutterstock_408413395.jpg\",\"width\":2500,\"height\":1440},{\"@type\":\"BreadcrumbList\",\"@id\":\"https:\\\/\\\/batteriretur.no\\\/husholdningsbatterier\\\/#breadcrumb\",\"itemListElement\":[{\"@type\":\"ListItem\",\"position\":1,\"name\":\"Hjem\",\"item\":\"https:\\\/\\\/batteriretur.no\\\/\"},{\"@type\":\"ListItem\",\"position\":2,\"name\":\"Husholdningsbatterier\"}]},{\"@type\":\"WebSite\",\"@id\":\"https:\\\/\\\/batteriretur.no\\\/#website\",\"url\":\"https:\\\/\\\/batteriretur.no\\\/\",\"name\":\"Batteriretur\",\"description\":\"Fremtiden er elektrisk\",\"publisher\":{\"@id\":\"https:\\\/\\\/batteriretur.no\\\/#organization\"},\"potentialAction\":[{\"@type\":\"SearchAction\",\"target\":{\"@type\":\"EntryPoint\",\"urlTemplate\":\"https:\\\/\\\/batteriretur.no\\\/?s={search_term_string}\"},\"query-input\":{\"@type\":\"PropertyValueSpecification\",\"valueRequired\":true,\"valueName\":\"search_term_string\"}}],\"inLanguage\":\"en-US\"},{\"@type\":\"Organization\",\"@id\":\"https:\\\/\\\/batteriretur.no\\\/#organization\",\"name\":\"Batteriretur\",\"url\":\"https:\\\/\\\/batteriretur.no\\\/\",\"logo\":{\"@type\":\"ImageObject\",\"inLanguage\":\"en-US\",\"@id\":\"https:\\\/\\\/batteriretur.no\\\/#\\\/schema\\\/logo\\\/image\\\/\",\"url\":\"https:\\\/\\\/batteriretur.no\\\/wp-content\\\/uploads\\\/2018\\\/02\\\/batterier_facebook.jpg\",\"contentUrl\":\"https:\\\/\\\/batteriretur.no\\\/wp-content\\\/uploads\\\/2018\\\/02\\\/batterier_facebook.jpg\",\"width\":1200,\"height\":630,\"caption\":\"Batteriretur\"},\"image\":{\"@id\":\"https:\\\/\\\/batteriretur.no\\\/#\\\/schema\\\/logo\\\/image\\\/\"}}]}<\/script>\n<!-- \/ Yoast SEO plugin. -->","yoast_head_json":{"title":"Husholdningsbatterier - Batteriretur","robots":{"index":"index","follow":"follow","max-snippet":"max-snippet:-1","max-image-preview":"max-image-preview:large","max-video-preview":"max-video-preview:-1"},"canonical":"https:\/\/batteriretur.no\/en\/husholdningsbatterier\/","og_locale":"en_US","og_type":"article","og_title":"Husholdningsbatterier - Batteriretur","og_description":"Hvor kan du levere batterier? Forhandlere er forpliktet til \u00e5 ta imot batterier av samme type som de selger. Noen [&hellip;]","og_url":"https:\/\/batteriretur.no\/en\/husholdningsbatterier\/","og_site_name":"Batteriretur","article_modified_time":"2023-10-10T11:26:19+00:00","og_image":[{"width":2500,"height":1440,"url":"https:\/\/batteriretur.no\/wp-content\/uploads\/2020\/05\/husholdning-shutterstock_408413395.jpg","type":"image\/jpeg"}],"twitter_card":"summary_large_image","twitter_misc":{"Est. reading time":"2 minutes"},"schema":{"@context":"https:\/\/schema.org","@graph":[{"@type":"WebPage","@id":"https:\/\/batteriretur.no\/husholdningsbatterier\/","url":"https:\/\/batteriretur.no\/husholdningsbatterier\/","name":"Husholdningsbatterier - Batteriretur","isPartOf":{"@id":"https:\/\/batteriretur.no\/#website"},"primaryImageOfPage":{"@id":"https:\/\/batteriretur.no\/husholdningsbatterier\/#primaryimage"},"image":{"@id":"https:\/\/batteriretur.no\/husholdningsbatterier\/#primaryimage"},"thumbnailUrl":"https:\/\/batteriretur.no\/wp-content\/uploads\/2020\/05\/husholdning-shutterstock_408413395.jpg","datePublished":"2017-12-05T09:28:56+00:00","dateModified":"2023-10-10T11:26:19+00:00","breadcrumb":{"@id":"https:\/\/batteriretur.no\/husholdningsbatterier\/#breadcrumb"},"inLanguage":"en-US","potentialAction":[{"@type":"ReadAction","target":["https:\/\/batteriretur.no\/husholdningsbatterier\/"]}]},{"@type":"ImageObject","inLanguage":"en-US","@id":"https:\/\/batteriretur.no\/husholdningsbatterier\/#primaryimage","url":"https:\/\/batteriretur.no\/wp-content\/uploads\/2020\/05\/husholdning-shutterstock_408413395.jpg","contentUrl":"https:\/\/batteriretur.no\/wp-content\/uploads\/2020\/05\/husholdning-shutterstock_408413395.jpg","width":2500,"height":1440},{"@type":"BreadcrumbList","@id":"https:\/\/batteriretur.no\/husholdningsbatterier\/#breadcrumb","itemListElement":[{"@type":"ListItem","position":1,"name":"Hjem","item":"https:\/\/batteriretur.no\/"},{"@type":"ListItem","position":2,"name":"Husholdningsbatterier"}]},{"@type":"WebSite","@id":"https:\/\/batteriretur.no\/#website","url":"https:\/\/batteriretur.no\/","name":"Batteriretur","description":"Fremtiden er elektrisk","publisher":{"@id":"https:\/\/batteriretur.no\/#organization"},"potentialAction":[{"@type":"SearchAction","target":{"@type":"EntryPoint","urlTemplate":"https:\/\/batteriretur.no\/?s={search_term_string}"},"query-input":{"@type":"PropertyValueSpecification","valueRequired":true,"valueName":"search_term_string"}}],"inLanguage":"en-US"},{"@type":"Organization","@id":"https:\/\/batteriretur.no\/#organization","name":"Batteriretur","url":"https:\/\/batteriretur.no\/","logo":{"@type":"ImageObject","inLanguage":"en-US","@id":"https:\/\/batteriretur.no\/#\/schema\/logo\/image\/","url":"https:\/\/batteriretur.no\/wp-content\/uploads\/2018\/02\/batterier_facebook.jpg","contentUrl":"https:\/\/batteriretur.no\/wp-content\/uploads\/2018\/02\/batterier_facebook.jpg","width":1200,"height":630,"caption":"Batteriretur"},"image":{"@id":"https:\/\/batteriretur.no\/#\/schema\/logo\/image\/"}}]}},"_links":{"self":[{"href":"https:\/\/batteriretur.no\/en\/wp-json\/wp\/v2\/pages\/23","targetHints":{"allow":["GET"]}}],"collection":[{"href":"https:\/\/batteriretur.no\/en\/wp-json\/wp\/v2\/pages"}],"about":[{"href":"https:\/\/batteriretur.no\/en\/wp-json\/wp\/v2\/types\/page"}],"author":[{"embeddable":true,"href":"https:\/\/batteriretur.no\/en\/wp-json\/wp\/v2\/users\/1"}],"replies":[{"embeddable":true,"href":"https:\/\/batteriretur.no\/en\/wp-json\/wp\/v2\/comments?post=23"}],"version-history":[{"count":16,"href":"https:\/\/batteriretur.no\/en\/wp-json\/wp\/v2\/pages\/23\/revisions"}],"predecessor-version":[{"id":3080,"href":"https:\/\/batteriretur.no\/en\/wp-json\/wp\/v2\/pages\/23\/revisions\/3080"}],"wp:featuredmedia":[{"embeddable":true,"href":"https:\/\/batteriretur.no\/en\/wp-json\/wp\/v2\/media\/1901"}],"wp:attachment":[{"href":"https:\/\/batteriretur.no\/en\/wp-json\/wp\/v2\/media?parent=23"}],"curies":[{"name":"wp","href":"https:\/\/api.w.org\/{rel}","templated":true}]}}