{"id":19,"date":"2017-12-05T10:28:30","date_gmt":"2017-12-05T09:28:30","guid":{"rendered":"http:\/\/localhost:8888\/batteriretur\/?page_id=19"},"modified":"2026-01-07T10:58:44","modified_gmt":"2026-01-07T09:58:44","slug":"hoyenergibatterier","status":"publish","type":"page","link":"https:\/\/batteriretur.no\/en\/hoyenergibatterier\/","title":{"rendered":"High-energy batteries"},"content":{"rendered":"<h2><b>High-energy batteries<\/b><\/h2>\n<p>N\u00e5r h\u00f8yenergibatterier n\u00e5r slutten av sin levetid, m\u00e5 de tas h\u00e5nd om p\u00e5 riktig m\u00e5te. Men f\u00f8r de kan resirkuleres, gjenbrukes eller f\u00e5 et nytt liv, m\u00e5 batteriene demonteres. Og det er her Sortbat Belgia og <a href=\"https:\/\/www.sortbat.eu\/norge\">Sortbat Norway AS<\/a> kommer inn i bildet!<\/p>\n<p>Avdelingene Fredrikstad, Sandefjord og Tienen(Belgia) er verdensledende p\u00e5 h\u00e5ndtering av h\u00f8yenergibatterier. Disse batteriene kan blant annet komme fra elektriske kj\u00f8ret\u00f8y og marin sektor. Her har vi gjennom flere \u00e5r utviklet unik kompetanse og metoder for sikker transport og demontering, noe som er meget viktig da h\u00f8yenergibatterier kan v\u00e6re livsfarlig ved feil h\u00e5ndtering og krever en helt spesiell kompetanse og utstyr. Dette er et arbeid vi har gjort i samarbeid med bilindustrien og v\u00e5r ekspertise p\u00e5 dette omr\u00e5det gj\u00f8r at vi fungerer som r\u00e5dgiver for alt fra bilverksteder og import\u00f8rer til myndigheter og brannvesen.<\/p>","protected":false},"excerpt":{"rendered":"<p>H\u00f8yenergibatterier N\u00e5r h\u00f8yenergibatterier n\u00e5r slutten av sin levetid, m\u00e5 de tas h\u00e5nd om p\u00e5 riktig m\u00e5te. Men f\u00f8r de kan [&hellip;]<\/p>\n","protected":false},"author":1,"featured_media":1900,"parent":0,"menu_order":12,"comment_status":"closed","ping_status":"closed","template":"page-templates\/page-custom.php","meta":{"_acf_changed":false,"footnotes":""},"class_list":["post-19","page","type-page","status-publish","has-post-thumbnail","hentry"],"acf":[],"yoast_head":"<!-- This site is optimized with the Yoast SEO plugin v27.3 - https:\/\/yoast.com\/product\/yoast-seo-wordpress\/ -->\n<title>H\u00f8yenergibatterier - Batteriretur<\/title>\n<meta name=\"robots\" content=\"index, follow, max-snippet:-1, max-image-preview:large, max-video-preview:-1\" \/>\n<link rel=\"canonical\" href=\"https:\/\/batteriretur.no\/en\/hoyenergibatterier\/\" \/>\n<meta property=\"og:locale\" content=\"en_US\" \/>\n<meta property=\"og:type\" content=\"article\" \/>\n<meta property=\"og:title\" content=\"H\u00f8yenergibatterier - Batteriretur\" \/>\n<meta property=\"og:description\" content=\"H\u00f8yenergibatterier N\u00e5r h\u00f8yenergibatterier n\u00e5r slutten av sin levetid, m\u00e5 de tas h\u00e5nd om p\u00e5 riktig m\u00e5te. Men f\u00f8r de kan [&hellip;]\" \/>\n<meta property=\"og:url\" content=\"https:\/\/batteriretur.no\/en\/hoyenergibatterier\/\" \/>\n<meta property=\"og:site_name\" content=\"Batteriretur\" \/>\n<meta property=\"article:modified_time\" content=\"2026-01-07T09:58:44+00:00\" \/>\n<meta property=\"og:image\" content=\"https:\/\/batteriretur.no\/wp-content\/uploads\/2020\/05\/elbil-shutterstock_408413395.jpg\" \/>\n\t<meta property=\"og:image:width\" content=\"2500\" \/>\n\t<meta property=\"og:image:height\" content=\"1440\" \/>\n\t<meta property=\"og:image:type\" content=\"image\/jpeg\" \/>\n<meta name=\"twitter:card\" content=\"summary_large_image\" \/>\n<meta name=\"twitter:label1\" content=\"Est. reading time\" \/>\n\t<meta name=\"twitter:data1\" content=\"1 minute\" \/>\n<script type=\"application\/ld+json\" class=\"yoast-schema-graph\">{\"@context\":\"https:\\\/\\\/schema.org\",\"@graph\":[{\"@type\":\"WebPage\",\"@id\":\"https:\\\/\\\/batteriretur.no\\\/hoyenergibatterier\\\/\",\"url\":\"https:\\\/\\\/batteriretur.no\\\/hoyenergibatterier\\\/\",\"name\":\"H\u00f8yenergibatterier - Batteriretur\",\"isPartOf\":{\"@id\":\"https:\\\/\\\/batteriretur.no\\\/#website\"},\"primaryImageOfPage\":{\"@id\":\"https:\\\/\\\/batteriretur.no\\\/hoyenergibatterier\\\/#primaryimage\"},\"image\":{\"@id\":\"https:\\\/\\\/batteriretur.no\\\/hoyenergibatterier\\\/#primaryimage\"},\"thumbnailUrl\":\"https:\\\/\\\/batteriretur.no\\\/wp-content\\\/uploads\\\/2020\\\/05\\\/elbil-shutterstock_408413395.jpg\",\"datePublished\":\"2017-12-05T09:28:30+00:00\",\"dateModified\":\"2026-01-07T09:58:44+00:00\",\"breadcrumb\":{\"@id\":\"https:\\\/\\\/batteriretur.no\\\/hoyenergibatterier\\\/#breadcrumb\"},\"inLanguage\":\"en-US\",\"potentialAction\":[{\"@type\":\"ReadAction\",\"target\":[\"https:\\\/\\\/batteriretur.no\\\/hoyenergibatterier\\\/\"]}]},{\"@type\":\"ImageObject\",\"inLanguage\":\"en-US\",\"@id\":\"https:\\\/\\\/batteriretur.no\\\/hoyenergibatterier\\\/#primaryimage\",\"url\":\"https:\\\/\\\/batteriretur.no\\\/wp-content\\\/uploads\\\/2020\\\/05\\\/elbil-shutterstock_408413395.jpg\",\"contentUrl\":\"https:\\\/\\\/batteriretur.no\\\/wp-content\\\/uploads\\\/2020\\\/05\\\/elbil-shutterstock_408413395.jpg\",\"width\":2500,\"height\":1440},{\"@type\":\"BreadcrumbList\",\"@id\":\"https:\\\/\\\/batteriretur.no\\\/hoyenergibatterier\\\/#breadcrumb\",\"itemListElement\":[{\"@type\":\"ListItem\",\"position\":1,\"name\":\"Hjem\",\"item\":\"https:\\\/\\\/batteriretur.no\\\/\"},{\"@type\":\"ListItem\",\"position\":2,\"name\":\"H\u00f8yenergibatterier\"}]},{\"@type\":\"WebSite\",\"@id\":\"https:\\\/\\\/batteriretur.no\\\/#website\",\"url\":\"https:\\\/\\\/batteriretur.no\\\/\",\"name\":\"Batteriretur\",\"description\":\"Fremtiden er elektrisk\",\"publisher\":{\"@id\":\"https:\\\/\\\/batteriretur.no\\\/#organization\"},\"potentialAction\":[{\"@type\":\"SearchAction\",\"target\":{\"@type\":\"EntryPoint\",\"urlTemplate\":\"https:\\\/\\\/batteriretur.no\\\/?s={search_term_string}\"},\"query-input\":{\"@type\":\"PropertyValueSpecification\",\"valueRequired\":true,\"valueName\":\"search_term_string\"}}],\"inLanguage\":\"en-US\"},{\"@type\":\"Organization\",\"@id\":\"https:\\\/\\\/batteriretur.no\\\/#organization\",\"name\":\"Batteriretur\",\"url\":\"https:\\\/\\\/batteriretur.no\\\/\",\"logo\":{\"@type\":\"ImageObject\",\"inLanguage\":\"en-US\",\"@id\":\"https:\\\/\\\/batteriretur.no\\\/#\\\/schema\\\/logo\\\/image\\\/\",\"url\":\"https:\\\/\\\/batteriretur.no\\\/wp-content\\\/uploads\\\/2018\\\/02\\\/batterier_facebook.jpg\",\"contentUrl\":\"https:\\\/\\\/batteriretur.no\\\/wp-content\\\/uploads\\\/2018\\\/02\\\/batterier_facebook.jpg\",\"width\":1200,\"height\":630,\"caption\":\"Batteriretur\"},\"image\":{\"@id\":\"https:\\\/\\\/batteriretur.no\\\/#\\\/schema\\\/logo\\\/image\\\/\"}}]}<\/script>\n<!-- \/ Yoast SEO plugin. -->","yoast_head_json":{"title":"H\u00f8yenergibatterier - Batteriretur","robots":{"index":"index","follow":"follow","max-snippet":"max-snippet:-1","max-image-preview":"max-image-preview:large","max-video-preview":"max-video-preview:-1"},"canonical":"https:\/\/batteriretur.no\/en\/hoyenergibatterier\/","og_locale":"en_US","og_type":"article","og_title":"H\u00f8yenergibatterier - Batteriretur","og_description":"H\u00f8yenergibatterier N\u00e5r h\u00f8yenergibatterier n\u00e5r slutten av sin levetid, m\u00e5 de tas h\u00e5nd om p\u00e5 riktig m\u00e5te. Men f\u00f8r de kan [&hellip;]","og_url":"https:\/\/batteriretur.no\/en\/hoyenergibatterier\/","og_site_name":"Batteriretur","article_modified_time":"2026-01-07T09:58:44+00:00","og_image":[{"width":2500,"height":1440,"url":"https:\/\/batteriretur.no\/wp-content\/uploads\/2020\/05\/elbil-shutterstock_408413395.jpg","type":"image\/jpeg"}],"twitter_card":"summary_large_image","twitter_misc":{"Est. reading time":"1 minute"},"schema":{"@context":"https:\/\/schema.org","@graph":[{"@type":"WebPage","@id":"https:\/\/batteriretur.no\/hoyenergibatterier\/","url":"https:\/\/batteriretur.no\/hoyenergibatterier\/","name":"H\u00f8yenergibatterier - Batteriretur","isPartOf":{"@id":"https:\/\/batteriretur.no\/#website"},"primaryImageOfPage":{"@id":"https:\/\/batteriretur.no\/hoyenergibatterier\/#primaryimage"},"image":{"@id":"https:\/\/batteriretur.no\/hoyenergibatterier\/#primaryimage"},"thumbnailUrl":"https:\/\/batteriretur.no\/wp-content\/uploads\/2020\/05\/elbil-shutterstock_408413395.jpg","datePublished":"2017-12-05T09:28:30+00:00","dateModified":"2026-01-07T09:58:44+00:00","breadcrumb":{"@id":"https:\/\/batteriretur.no\/hoyenergibatterier\/#breadcrumb"},"inLanguage":"en-US","potentialAction":[{"@type":"ReadAction","target":["https:\/\/batteriretur.no\/hoyenergibatterier\/"]}]},{"@type":"ImageObject","inLanguage":"en-US","@id":"https:\/\/batteriretur.no\/hoyenergibatterier\/#primaryimage","url":"https:\/\/batteriretur.no\/wp-content\/uploads\/2020\/05\/elbil-shutterstock_408413395.jpg","contentUrl":"https:\/\/batteriretur.no\/wp-content\/uploads\/2020\/05\/elbil-shutterstock_408413395.jpg","width":2500,"height":1440},{"@type":"BreadcrumbList","@id":"https:\/\/batteriretur.no\/hoyenergibatterier\/#breadcrumb","itemListElement":[{"@type":"ListItem","position":1,"name":"Hjem","item":"https:\/\/batteriretur.no\/"},{"@type":"ListItem","position":2,"name":"H\u00f8yenergibatterier"}]},{"@type":"WebSite","@id":"https:\/\/batteriretur.no\/#website","url":"https:\/\/batteriretur.no\/","name":"Batteriretur","description":"Fremtiden er elektrisk","publisher":{"@id":"https:\/\/batteriretur.no\/#organization"},"potentialAction":[{"@type":"SearchAction","target":{"@type":"EntryPoint","urlTemplate":"https:\/\/batteriretur.no\/?s={search_term_string}"},"query-input":{"@type":"PropertyValueSpecification","valueRequired":true,"valueName":"search_term_string"}}],"inLanguage":"en-US"},{"@type":"Organization","@id":"https:\/\/batteriretur.no\/#organization","name":"Batteriretur","url":"https:\/\/batteriretur.no\/","logo":{"@type":"ImageObject","inLanguage":"en-US","@id":"https:\/\/batteriretur.no\/#\/schema\/logo\/image\/","url":"https:\/\/batteriretur.no\/wp-content\/uploads\/2018\/02\/batterier_facebook.jpg","contentUrl":"https:\/\/batteriretur.no\/wp-content\/uploads\/2018\/02\/batterier_facebook.jpg","width":1200,"height":630,"caption":"Batteriretur"},"image":{"@id":"https:\/\/batteriretur.no\/#\/schema\/logo\/image\/"}}]}},"_links":{"self":[{"href":"https:\/\/batteriretur.no\/en\/wp-json\/wp\/v2\/pages\/19","targetHints":{"allow":["GET"]}}],"collection":[{"href":"https:\/\/batteriretur.no\/en\/wp-json\/wp\/v2\/pages"}],"about":[{"href":"https:\/\/batteriretur.no\/en\/wp-json\/wp\/v2\/types\/page"}],"author":[{"embeddable":true,"href":"https:\/\/batteriretur.no\/en\/wp-json\/wp\/v2\/users\/1"}],"replies":[{"embeddable":true,"href":"https:\/\/batteriretur.no\/en\/wp-json\/wp\/v2\/comments?post=19"}],"version-history":[{"count":20,"href":"https:\/\/batteriretur.no\/en\/wp-json\/wp\/v2\/pages\/19\/revisions"}],"predecessor-version":[{"id":3611,"href":"https:\/\/batteriretur.no\/en\/wp-json\/wp\/v2\/pages\/19\/revisions\/3611"}],"wp:featuredmedia":[{"embeddable":true,"href":"https:\/\/batteriretur.no\/en\/wp-json\/wp\/v2\/media\/1900"}],"wp:attachment":[{"href":"https:\/\/batteriretur.no\/en\/wp-json\/wp\/v2\/media?parent=19"}],"curies":[{"name":"wp","href":"https:\/\/api.w.org\/{rel}","templated":true}]}}