{"id":149,"date":"2018-01-16T12:31:09","date_gmt":"2018-01-16T11:31:09","guid":{"rendered":"http:\/\/localhost:8888\/batteriretur\/?page_id=149"},"modified":"2025-09-17T13:18:02","modified_gmt":"2025-09-17T11:18:02","slug":"om-produsentansvar","status":"publish","type":"page","link":"https:\/\/batteriretur.no\/en\/om-produsentansvar\/","title":{"rendered":"About producer responsibility"},"content":{"rendered":"<p>The EU Battery Directive of 2006 places the responsibility for satisfactory collection and recycling of disused batteries on the battery producers. In this context, anyone who places a battery for sale on the national market is a producer. Producer responsibility is applicable from the very first battery.<\/p>\n<p>The producer \/ importer may choose to transfer the job to a third party, who will act on behalf of the producer \/ importer. Companies acting on behalf of producers \/ importers are often called Compliance Organizations; whose job is to ensure back cover to producers \/ importers. The carriers of the extended producer responsibility in the Norwegian market - the importers - have established three non-profit recycling organizations, which they control through ownership.<\/p>\n<h3>Starting- and industrial batteries<\/h3>\n<p>AS Batteriretur protects the extended producer responsibility for starting and industrial batteries. The company was established in 1993 on the initiative of the Ministry of Climate and Environment. The company works in acc with Chapter 3 of the Waste Regulations, which includes batteries.<\/p>\n<h3>Portable batteries<\/h3>\n<p>Siden 2024 har Renas Batteri AS\u00a0 tatt over Rebatt AS, og har n\u00e5 det utvidede produsentansvaret for portable batterier. Virksomheten jobber iht avfallsforskriften kap 3 som omfatter batterier.<\/p>\n<h3>High-energy batteries<\/h3>\n<p>Batteriretur EV AS ivaretar h\u00f8yenergibatterier. Selskapet ble etablert i 2014 etter initiativ fra bilindustrien for \u00e5 utvikle metoder og kompetanse for en sikker innsamling og h\u00e5ndtering av h\u00f8yenergibatterier.<br \/>\nSelskapene er ISO 9001:2015 og ISO 14001:2015 sertifisert.<\/p>\n<p>The companies are subject to comprehensive, corporate governance rules, set by shareholders. Any carrier of the extended producer responsibility for batteries, has the right to become a shareholder. Transparency is essential. The companies have a joint administration. Any importer who imports batteries, is invited to join one of the organizations, but it is stressed to be the importer's choice.<\/p>\n<p>Batteriretur\u00ae is ISO certified with a trademark registered logo.\nThe registered logo is a guarantee to the carriers of the extended producer responsibility - the importers - for traceability and recycling of the disused batteries. All batteries are recycled in accordance with Directive 2006\/66 \/ EC Battery Directive.<\/p>\n<p>&nbsp;<\/p>\n<p>Link til milj\u00f8direktoratets batteriveileder:<\/p>\n<p><a href=\"https:\/\/www.miljodirektoratet.no\/ansvarsomrader\/avfall\/Returordninger-avfall\/batterier\/\" target=\"_blank\" rel=\"noopener\">https:\/\/www.miljodirektoratet.no\/ansvarsomrader\/avfall\/Returordninger-avfall\/batterier\/ <\/a><\/p>\n<p>&nbsp;<\/p>\n<p><a class=\"btn\" href=\"https:\/\/batteriretur.no\/en\/for-importorer\/\">Become a member<\/a><\/p>","protected":false},"excerpt":{"rendered":"<p>EUs Batteridirektiv av 2006 legger ansvaret for tilfredsstillende innsamling og gjenvinning av kasserte batterier p\u00e5 batteriprodusentene. I denne sammenheng er [&hellip;]<\/p>\n","protected":false},"author":1,"featured_media":351,"parent":0,"menu_order":29,"comment_status":"closed","ping_status":"closed","template":"page-templates\/page-custom.php","meta":{"_acf_changed":false,"footnotes":""},"class_list":["post-149","page","type-page","status-publish","has-post-thumbnail","hentry"],"acf":[],"yoast_head":"<!-- This site is optimized with the Yoast SEO plugin v27.3 - https:\/\/yoast.com\/product\/yoast-seo-wordpress\/ -->\n<title>Om produsentansvar - Batteriretur<\/title>\n<meta name=\"robots\" content=\"index, follow, max-snippet:-1, max-image-preview:large, max-video-preview:-1\" \/>\n<link rel=\"canonical\" href=\"https:\/\/batteriretur.no\/en\/om-produsentansvar\/\" \/>\n<meta property=\"og:locale\" content=\"en_US\" \/>\n<meta property=\"og:type\" content=\"article\" \/>\n<meta property=\"og:title\" content=\"Om produsentansvar - Batteriretur\" \/>\n<meta property=\"og:description\" content=\"EUs Batteridirektiv av 2006 legger ansvaret for tilfredsstillende innsamling og gjenvinning av kasserte batterier p\u00e5 batteriprodusentene. I denne sammenheng er [&hellip;]\" \/>\n<meta property=\"og:url\" content=\"https:\/\/batteriretur.no\/en\/om-produsentansvar\/\" \/>\n<meta property=\"og:site_name\" content=\"Batteriretur\" \/>\n<meta property=\"article:modified_time\" content=\"2025-09-17T11:18:02+00:00\" \/>\n<meta property=\"og:image\" content=\"https:\/\/batteriretur.no\/wp-content\/uploads\/2018\/02\/produsentansvar.jpg\" \/>\n\t<meta property=\"og:image:width\" content=\"1500\" \/>\n\t<meta property=\"og:image:height\" content=\"630\" \/>\n\t<meta property=\"og:image:type\" content=\"image\/jpeg\" \/>\n<meta name=\"twitter:card\" content=\"summary_large_image\" \/>\n<meta name=\"twitter:label1\" content=\"Est. reading time\" \/>\n\t<meta name=\"twitter:data1\" content=\"2 minutes\" \/>\n<script type=\"application\/ld+json\" class=\"yoast-schema-graph\">{\"@context\":\"https:\\\/\\\/schema.org\",\"@graph\":[{\"@type\":\"WebPage\",\"@id\":\"https:\\\/\\\/batteriretur.no\\\/om-produsentansvar\\\/\",\"url\":\"https:\\\/\\\/batteriretur.no\\\/om-produsentansvar\\\/\",\"name\":\"Om produsentansvar - Batteriretur\",\"isPartOf\":{\"@id\":\"https:\\\/\\\/batteriretur.no\\\/#website\"},\"primaryImageOfPage\":{\"@id\":\"https:\\\/\\\/batteriretur.no\\\/om-produsentansvar\\\/#primaryimage\"},\"image\":{\"@id\":\"https:\\\/\\\/batteriretur.no\\\/om-produsentansvar\\\/#primaryimage\"},\"thumbnailUrl\":\"https:\\\/\\\/batteriretur.no\\\/wp-content\\\/uploads\\\/2018\\\/02\\\/produsentansvar.jpg\",\"datePublished\":\"2018-01-16T11:31:09+00:00\",\"dateModified\":\"2025-09-17T11:18:02+00:00\",\"breadcrumb\":{\"@id\":\"https:\\\/\\\/batteriretur.no\\\/om-produsentansvar\\\/#breadcrumb\"},\"inLanguage\":\"en-US\",\"potentialAction\":[{\"@type\":\"ReadAction\",\"target\":[\"https:\\\/\\\/batteriretur.no\\\/om-produsentansvar\\\/\"]}]},{\"@type\":\"ImageObject\",\"inLanguage\":\"en-US\",\"@id\":\"https:\\\/\\\/batteriretur.no\\\/om-produsentansvar\\\/#primaryimage\",\"url\":\"https:\\\/\\\/batteriretur.no\\\/wp-content\\\/uploads\\\/2018\\\/02\\\/produsentansvar.jpg\",\"contentUrl\":\"https:\\\/\\\/batteriretur.no\\\/wp-content\\\/uploads\\\/2018\\\/02\\\/produsentansvar.jpg\",\"width\":1500,\"height\":630,\"caption\":\"produsentansvar\"},{\"@type\":\"BreadcrumbList\",\"@id\":\"https:\\\/\\\/batteriretur.no\\\/om-produsentansvar\\\/#breadcrumb\",\"itemListElement\":[{\"@type\":\"ListItem\",\"position\":1,\"name\":\"Hjem\",\"item\":\"https:\\\/\\\/batteriretur.no\\\/\"},{\"@type\":\"ListItem\",\"position\":2,\"name\":\"Om produsentansvar\"}]},{\"@type\":\"WebSite\",\"@id\":\"https:\\\/\\\/batteriretur.no\\\/#website\",\"url\":\"https:\\\/\\\/batteriretur.no\\\/\",\"name\":\"Batteriretur\",\"description\":\"Fremtiden er elektrisk\",\"publisher\":{\"@id\":\"https:\\\/\\\/batteriretur.no\\\/#organization\"},\"potentialAction\":[{\"@type\":\"SearchAction\",\"target\":{\"@type\":\"EntryPoint\",\"urlTemplate\":\"https:\\\/\\\/batteriretur.no\\\/?s={search_term_string}\"},\"query-input\":{\"@type\":\"PropertyValueSpecification\",\"valueRequired\":true,\"valueName\":\"search_term_string\"}}],\"inLanguage\":\"en-US\"},{\"@type\":\"Organization\",\"@id\":\"https:\\\/\\\/batteriretur.no\\\/#organization\",\"name\":\"Batteriretur\",\"url\":\"https:\\\/\\\/batteriretur.no\\\/\",\"logo\":{\"@type\":\"ImageObject\",\"inLanguage\":\"en-US\",\"@id\":\"https:\\\/\\\/batteriretur.no\\\/#\\\/schema\\\/logo\\\/image\\\/\",\"url\":\"https:\\\/\\\/batteriretur.no\\\/wp-content\\\/uploads\\\/2018\\\/02\\\/batterier_facebook.jpg\",\"contentUrl\":\"https:\\\/\\\/batteriretur.no\\\/wp-content\\\/uploads\\\/2018\\\/02\\\/batterier_facebook.jpg\",\"width\":1200,\"height\":630,\"caption\":\"Batteriretur\"},\"image\":{\"@id\":\"https:\\\/\\\/batteriretur.no\\\/#\\\/schema\\\/logo\\\/image\\\/\"}}]}<\/script>\n<!-- \/ Yoast SEO plugin. -->","yoast_head_json":{"title":"Om produsentansvar - Batteriretur","robots":{"index":"index","follow":"follow","max-snippet":"max-snippet:-1","max-image-preview":"max-image-preview:large","max-video-preview":"max-video-preview:-1"},"canonical":"https:\/\/batteriretur.no\/en\/om-produsentansvar\/","og_locale":"en_US","og_type":"article","og_title":"Om produsentansvar - Batteriretur","og_description":"EUs Batteridirektiv av 2006 legger ansvaret for tilfredsstillende innsamling og gjenvinning av kasserte batterier p\u00e5 batteriprodusentene. I denne sammenheng er [&hellip;]","og_url":"https:\/\/batteriretur.no\/en\/om-produsentansvar\/","og_site_name":"Batteriretur","article_modified_time":"2025-09-17T11:18:02+00:00","og_image":[{"width":1500,"height":630,"url":"https:\/\/batteriretur.no\/wp-content\/uploads\/2018\/02\/produsentansvar.jpg","type":"image\/jpeg"}],"twitter_card":"summary_large_image","twitter_misc":{"Est. reading time":"2 minutes"},"schema":{"@context":"https:\/\/schema.org","@graph":[{"@type":"WebPage","@id":"https:\/\/batteriretur.no\/om-produsentansvar\/","url":"https:\/\/batteriretur.no\/om-produsentansvar\/","name":"Om produsentansvar - Batteriretur","isPartOf":{"@id":"https:\/\/batteriretur.no\/#website"},"primaryImageOfPage":{"@id":"https:\/\/batteriretur.no\/om-produsentansvar\/#primaryimage"},"image":{"@id":"https:\/\/batteriretur.no\/om-produsentansvar\/#primaryimage"},"thumbnailUrl":"https:\/\/batteriretur.no\/wp-content\/uploads\/2018\/02\/produsentansvar.jpg","datePublished":"2018-01-16T11:31:09+00:00","dateModified":"2025-09-17T11:18:02+00:00","breadcrumb":{"@id":"https:\/\/batteriretur.no\/om-produsentansvar\/#breadcrumb"},"inLanguage":"en-US","potentialAction":[{"@type":"ReadAction","target":["https:\/\/batteriretur.no\/om-produsentansvar\/"]}]},{"@type":"ImageObject","inLanguage":"en-US","@id":"https:\/\/batteriretur.no\/om-produsentansvar\/#primaryimage","url":"https:\/\/batteriretur.no\/wp-content\/uploads\/2018\/02\/produsentansvar.jpg","contentUrl":"https:\/\/batteriretur.no\/wp-content\/uploads\/2018\/02\/produsentansvar.jpg","width":1500,"height":630,"caption":"produsentansvar"},{"@type":"BreadcrumbList","@id":"https:\/\/batteriretur.no\/om-produsentansvar\/#breadcrumb","itemListElement":[{"@type":"ListItem","position":1,"name":"Hjem","item":"https:\/\/batteriretur.no\/"},{"@type":"ListItem","position":2,"name":"Om produsentansvar"}]},{"@type":"WebSite","@id":"https:\/\/batteriretur.no\/#website","url":"https:\/\/batteriretur.no\/","name":"Batteriretur","description":"Fremtiden er elektrisk","publisher":{"@id":"https:\/\/batteriretur.no\/#organization"},"potentialAction":[{"@type":"SearchAction","target":{"@type":"EntryPoint","urlTemplate":"https:\/\/batteriretur.no\/?s={search_term_string}"},"query-input":{"@type":"PropertyValueSpecification","valueRequired":true,"valueName":"search_term_string"}}],"inLanguage":"en-US"},{"@type":"Organization","@id":"https:\/\/batteriretur.no\/#organization","name":"Batteriretur","url":"https:\/\/batteriretur.no\/","logo":{"@type":"ImageObject","inLanguage":"en-US","@id":"https:\/\/batteriretur.no\/#\/schema\/logo\/image\/","url":"https:\/\/batteriretur.no\/wp-content\/uploads\/2018\/02\/batterier_facebook.jpg","contentUrl":"https:\/\/batteriretur.no\/wp-content\/uploads\/2018\/02\/batterier_facebook.jpg","width":1200,"height":630,"caption":"Batteriretur"},"image":{"@id":"https:\/\/batteriretur.no\/#\/schema\/logo\/image\/"}}]}},"_links":{"self":[{"href":"https:\/\/batteriretur.no\/en\/wp-json\/wp\/v2\/pages\/149","targetHints":{"allow":["GET"]}}],"collection":[{"href":"https:\/\/batteriretur.no\/en\/wp-json\/wp\/v2\/pages"}],"about":[{"href":"https:\/\/batteriretur.no\/en\/wp-json\/wp\/v2\/types\/page"}],"author":[{"embeddable":true,"href":"https:\/\/batteriretur.no\/en\/wp-json\/wp\/v2\/users\/1"}],"replies":[{"embeddable":true,"href":"https:\/\/batteriretur.no\/en\/wp-json\/wp\/v2\/comments?post=149"}],"version-history":[{"count":21,"href":"https:\/\/batteriretur.no\/en\/wp-json\/wp\/v2\/pages\/149\/revisions"}],"predecessor-version":[{"id":3546,"href":"https:\/\/batteriretur.no\/en\/wp-json\/wp\/v2\/pages\/149\/revisions\/3546"}],"wp:featuredmedia":[{"embeddable":true,"href":"https:\/\/batteriretur.no\/en\/wp-json\/wp\/v2\/media\/351"}],"wp:attachment":[{"href":"https:\/\/batteriretur.no\/en\/wp-json\/wp\/v2\/media?parent=149"}],"curies":[{"name":"wp","href":"https:\/\/api.w.org\/{rel}","templated":true}]}}