{"id":1407,"date":"2019-12-16T14:57:13","date_gmt":"2019-12-16T13:57:13","guid":{"rendered":"https:\/\/batteriretur.no\/?page_id=1407"},"modified":"2022-12-21T16:51:18","modified_gmt":"2022-12-21T15:51:18","slug":"verktoykasse","status":"publish","type":"page","link":"https:\/\/batteriretur.no\/en\/verktoykasse\/","title":{"rendered":"Toolbox"},"content":{"rendered":"<h3>Log in to access our manuals.<\/h3>\n<p>&nbsp;<\/p>\n<p><a class=\"btn\" href=\"https:\/\/evminside.batteriretur.no\/logg-inn\">Login<\/a><\/p>\n<p>&nbsp;<\/p>\n<h3>If you do not have access as a collector\/partner, register here.<\/h3>\n<p>&nbsp;<\/p>\n<p><a class=\"btn\" href=\"https:\/\/evminside.batteriretur.no\/registrer-bruker\">Register User<\/a> <\/p>","protected":false},"excerpt":{"rendered":"<p>Logg inn for \u00e5 f\u00e5 tilgang til v\u00e5re veiledere. &nbsp; Logg inn &nbsp; Har du som innsamler\/samarbeidspartner ikke tilgang, registrerer [&hellip;]<\/p>\n","protected":false},"author":1,"featured_media":182,"parent":0,"menu_order":0,"comment_status":"closed","ping_status":"closed","template":"page-templates\/page-custom.php","meta":{"_acf_changed":false,"footnotes":""},"class_list":["post-1407","page","type-page","status-publish","has-post-thumbnail","hentry"],"acf":[],"yoast_head":"<!-- This site is optimized with the Yoast SEO plugin v27.3 - https:\/\/yoast.com\/product\/yoast-seo-wordpress\/ -->\n<title>Verkt\u00f8ykasse - Batteriretur<\/title>\n<meta name=\"robots\" content=\"index, follow, max-snippet:-1, max-image-preview:large, max-video-preview:-1\" \/>\n<link rel=\"canonical\" href=\"https:\/\/batteriretur.no\/en\/verktoykasse\/\" \/>\n<meta property=\"og:locale\" content=\"en_US\" \/>\n<meta property=\"og:type\" content=\"article\" \/>\n<meta property=\"og:title\" content=\"Verkt\u00f8ykasse - Batteriretur\" \/>\n<meta property=\"og:description\" content=\"Logg inn for \u00e5 f\u00e5 tilgang til v\u00e5re veiledere. &nbsp; Logg inn &nbsp; Har du som innsamler\/samarbeidspartner ikke tilgang, registrerer [&hellip;]\" \/>\n<meta property=\"og:url\" content=\"https:\/\/batteriretur.no\/en\/verktoykasse\/\" \/>\n<meta property=\"og:site_name\" content=\"Batteriretur\" \/>\n<meta property=\"article:modified_time\" content=\"2022-12-21T15:51:18+00:00\" \/>\n<meta property=\"og:image\" content=\"https:\/\/batteriretur.no\/wp-content\/uploads\/2017\/04\/blader.jpg\" \/>\n\t<meta property=\"og:image:width\" content=\"1500\" \/>\n\t<meta property=\"og:image:height\" content=\"1000\" \/>\n\t<meta property=\"og:image:type\" content=\"image\/jpeg\" \/>\n<meta name=\"twitter:card\" content=\"summary_large_image\" \/>\n<meta name=\"twitter:label1\" content=\"Est. reading time\" \/>\n\t<meta name=\"twitter:data1\" content=\"1 minute\" \/>\n<script type=\"application\/ld+json\" class=\"yoast-schema-graph\">{\"@context\":\"https:\\\/\\\/schema.org\",\"@graph\":[{\"@type\":\"WebPage\",\"@id\":\"https:\\\/\\\/batteriretur.no\\\/verktoykasse\\\/\",\"url\":\"https:\\\/\\\/batteriretur.no\\\/verktoykasse\\\/\",\"name\":\"Verkt\u00f8ykasse - Batteriretur\",\"isPartOf\":{\"@id\":\"https:\\\/\\\/batteriretur.no\\\/#website\"},\"primaryImageOfPage\":{\"@id\":\"https:\\\/\\\/batteriretur.no\\\/verktoykasse\\\/#primaryimage\"},\"image\":{\"@id\":\"https:\\\/\\\/batteriretur.no\\\/verktoykasse\\\/#primaryimage\"},\"thumbnailUrl\":\"https:\\\/\\\/batteriretur.no\\\/wp-content\\\/uploads\\\/2017\\\/04\\\/blader.jpg\",\"datePublished\":\"2019-12-16T13:57:13+00:00\",\"dateModified\":\"2022-12-21T15:51:18+00:00\",\"breadcrumb\":{\"@id\":\"https:\\\/\\\/batteriretur.no\\\/verktoykasse\\\/#breadcrumb\"},\"inLanguage\":\"en-US\",\"potentialAction\":[{\"@type\":\"ReadAction\",\"target\":[\"https:\\\/\\\/batteriretur.no\\\/verktoykasse\\\/\"]}]},{\"@type\":\"ImageObject\",\"inLanguage\":\"en-US\",\"@id\":\"https:\\\/\\\/batteriretur.no\\\/verktoykasse\\\/#primaryimage\",\"url\":\"https:\\\/\\\/batteriretur.no\\\/wp-content\\\/uploads\\\/2017\\\/04\\\/blader.jpg\",\"contentUrl\":\"https:\\\/\\\/batteriretur.no\\\/wp-content\\\/uploads\\\/2017\\\/04\\\/blader.jpg\",\"width\":1500,\"height\":1000,\"caption\":\"forsterket fokus p\u00e5 gjenvinning\"},{\"@type\":\"BreadcrumbList\",\"@id\":\"https:\\\/\\\/batteriretur.no\\\/verktoykasse\\\/#breadcrumb\",\"itemListElement\":[{\"@type\":\"ListItem\",\"position\":1,\"name\":\"Hjem\",\"item\":\"https:\\\/\\\/batteriretur.no\\\/\"},{\"@type\":\"ListItem\",\"position\":2,\"name\":\"Verkt\u00f8ykasse\"}]},{\"@type\":\"WebSite\",\"@id\":\"https:\\\/\\\/batteriretur.no\\\/#website\",\"url\":\"https:\\\/\\\/batteriretur.no\\\/\",\"name\":\"Batteriretur\",\"description\":\"Fremtiden er elektrisk\",\"publisher\":{\"@id\":\"https:\\\/\\\/batteriretur.no\\\/#organization\"},\"potentialAction\":[{\"@type\":\"SearchAction\",\"target\":{\"@type\":\"EntryPoint\",\"urlTemplate\":\"https:\\\/\\\/batteriretur.no\\\/?s={search_term_string}\"},\"query-input\":{\"@type\":\"PropertyValueSpecification\",\"valueRequired\":true,\"valueName\":\"search_term_string\"}}],\"inLanguage\":\"en-US\"},{\"@type\":\"Organization\",\"@id\":\"https:\\\/\\\/batteriretur.no\\\/#organization\",\"name\":\"Batteriretur\",\"url\":\"https:\\\/\\\/batteriretur.no\\\/\",\"logo\":{\"@type\":\"ImageObject\",\"inLanguage\":\"en-US\",\"@id\":\"https:\\\/\\\/batteriretur.no\\\/#\\\/schema\\\/logo\\\/image\\\/\",\"url\":\"https:\\\/\\\/batteriretur.no\\\/wp-content\\\/uploads\\\/2018\\\/02\\\/batterier_facebook.jpg\",\"contentUrl\":\"https:\\\/\\\/batteriretur.no\\\/wp-content\\\/uploads\\\/2018\\\/02\\\/batterier_facebook.jpg\",\"width\":1200,\"height\":630,\"caption\":\"Batteriretur\"},\"image\":{\"@id\":\"https:\\\/\\\/batteriretur.no\\\/#\\\/schema\\\/logo\\\/image\\\/\"}}]}<\/script>\n<!-- \/ Yoast SEO plugin. -->","yoast_head_json":{"title":"Verkt\u00f8ykasse - Batteriretur","robots":{"index":"index","follow":"follow","max-snippet":"max-snippet:-1","max-image-preview":"max-image-preview:large","max-video-preview":"max-video-preview:-1"},"canonical":"https:\/\/batteriretur.no\/en\/verktoykasse\/","og_locale":"en_US","og_type":"article","og_title":"Verkt\u00f8ykasse - Batteriretur","og_description":"Logg inn for \u00e5 f\u00e5 tilgang til v\u00e5re veiledere. &nbsp; Logg inn &nbsp; Har du som innsamler\/samarbeidspartner ikke tilgang, registrerer [&hellip;]","og_url":"https:\/\/batteriretur.no\/en\/verktoykasse\/","og_site_name":"Batteriretur","article_modified_time":"2022-12-21T15:51:18+00:00","og_image":[{"width":1500,"height":1000,"url":"https:\/\/batteriretur.no\/wp-content\/uploads\/2017\/04\/blader.jpg","type":"image\/jpeg"}],"twitter_card":"summary_large_image","twitter_misc":{"Est. reading time":"1 minute"},"schema":{"@context":"https:\/\/schema.org","@graph":[{"@type":"WebPage","@id":"https:\/\/batteriretur.no\/verktoykasse\/","url":"https:\/\/batteriretur.no\/verktoykasse\/","name":"Verkt\u00f8ykasse - Batteriretur","isPartOf":{"@id":"https:\/\/batteriretur.no\/#website"},"primaryImageOfPage":{"@id":"https:\/\/batteriretur.no\/verktoykasse\/#primaryimage"},"image":{"@id":"https:\/\/batteriretur.no\/verktoykasse\/#primaryimage"},"thumbnailUrl":"https:\/\/batteriretur.no\/wp-content\/uploads\/2017\/04\/blader.jpg","datePublished":"2019-12-16T13:57:13+00:00","dateModified":"2022-12-21T15:51:18+00:00","breadcrumb":{"@id":"https:\/\/batteriretur.no\/verktoykasse\/#breadcrumb"},"inLanguage":"en-US","potentialAction":[{"@type":"ReadAction","target":["https:\/\/batteriretur.no\/verktoykasse\/"]}]},{"@type":"ImageObject","inLanguage":"en-US","@id":"https:\/\/batteriretur.no\/verktoykasse\/#primaryimage","url":"https:\/\/batteriretur.no\/wp-content\/uploads\/2017\/04\/blader.jpg","contentUrl":"https:\/\/batteriretur.no\/wp-content\/uploads\/2017\/04\/blader.jpg","width":1500,"height":1000,"caption":"forsterket fokus p\u00e5 gjenvinning"},{"@type":"BreadcrumbList","@id":"https:\/\/batteriretur.no\/verktoykasse\/#breadcrumb","itemListElement":[{"@type":"ListItem","position":1,"name":"Hjem","item":"https:\/\/batteriretur.no\/"},{"@type":"ListItem","position":2,"name":"Verkt\u00f8ykasse"}]},{"@type":"WebSite","@id":"https:\/\/batteriretur.no\/#website","url":"https:\/\/batteriretur.no\/","name":"Batteriretur","description":"Fremtiden er elektrisk","publisher":{"@id":"https:\/\/batteriretur.no\/#organization"},"potentialAction":[{"@type":"SearchAction","target":{"@type":"EntryPoint","urlTemplate":"https:\/\/batteriretur.no\/?s={search_term_string}"},"query-input":{"@type":"PropertyValueSpecification","valueRequired":true,"valueName":"search_term_string"}}],"inLanguage":"en-US"},{"@type":"Organization","@id":"https:\/\/batteriretur.no\/#organization","name":"Batteriretur","url":"https:\/\/batteriretur.no\/","logo":{"@type":"ImageObject","inLanguage":"en-US","@id":"https:\/\/batteriretur.no\/#\/schema\/logo\/image\/","url":"https:\/\/batteriretur.no\/wp-content\/uploads\/2018\/02\/batterier_facebook.jpg","contentUrl":"https:\/\/batteriretur.no\/wp-content\/uploads\/2018\/02\/batterier_facebook.jpg","width":1200,"height":630,"caption":"Batteriretur"},"image":{"@id":"https:\/\/batteriretur.no\/#\/schema\/logo\/image\/"}}]}},"_links":{"self":[{"href":"https:\/\/batteriretur.no\/en\/wp-json\/wp\/v2\/pages\/1407","targetHints":{"allow":["GET"]}}],"collection":[{"href":"https:\/\/batteriretur.no\/en\/wp-json\/wp\/v2\/pages"}],"about":[{"href":"https:\/\/batteriretur.no\/en\/wp-json\/wp\/v2\/types\/page"}],"author":[{"embeddable":true,"href":"https:\/\/batteriretur.no\/en\/wp-json\/wp\/v2\/users\/1"}],"replies":[{"embeddable":true,"href":"https:\/\/batteriretur.no\/en\/wp-json\/wp\/v2\/comments?post=1407"}],"version-history":[{"count":35,"href":"https:\/\/batteriretur.no\/en\/wp-json\/wp\/v2\/pages\/1407\/revisions"}],"predecessor-version":[{"id":2837,"href":"https:\/\/batteriretur.no\/en\/wp-json\/wp\/v2\/pages\/1407\/revisions\/2837"}],"wp:featuredmedia":[{"embeddable":true,"href":"https:\/\/batteriretur.no\/en\/wp-json\/wp\/v2\/media\/182"}],"wp:attachment":[{"href":"https:\/\/batteriretur.no\/en\/wp-json\/wp\/v2\/media?parent=1407"}],"curies":[{"name":"wp","href":"https:\/\/api.w.org\/{rel}","templated":true}]}}