{"id":138,"date":"2018-01-16T12:17:52","date_gmt":"2018-01-16T11:17:52","guid":{"rendered":"http:\/\/localhost:8888\/batteriretur\/?page_id=138"},"modified":"2023-10-10T13:25:24","modified_gmt":"2023-10-10T11:25:24","slug":"generell-informasjon","status":"publish","type":"page","link":"https:\/\/batteriretur.no\/en\/generell-informasjon\/","title":{"rendered":"General information"},"content":{"rendered":"<h2>Potential health and environmental effects of batteries:<\/h2>\n<p>Some batteries contain harmful elements (<a href=\"https:\/\/www.periodesystemet.no\/grunnstoffer\/bly\/index.html\" target=\"_blank\" rel=\"noopener\">lead<\/a>, <a href=\"https:\/\/www.periodesystemet.no\/grunnstoffer\/kadmium\/index.html\" target=\"_blank\" rel=\"noopener\">cadmium<\/a> or <a href=\"https:\/\/www.periodesystemet.no\/grunnstoffer\/kvikksoelv\/index.html\" target=\"_blank\" rel=\"noopener\">mercury<\/a>) og disse skal sorteres som farlig avfall. Andre batterier inneholder ikke n\u00f8dvendigvis farlige stoffer, men\u00a0derimot stoffer\u00a0som\u00a0kan g\u00e5 til gjenvinning. Selv om batterier skal v\u00e6re trygge i bruk i tiltenkt utstyr, betyr det ikke at vi ikke skal ha fokus p\u00e5 riktig og sikker h\u00e5ndtering av disse n\u00e5r vi ikke lenger bruker dem. Batterier er energilagringslagringsenheter og er ikke tomme for energi n\u00e5r vi kasserer batteriene. Batterier er ikke d\u00f8dt materiale, s\u00e5 husk \u00e5 sett tape over polene f\u00f8r de leverer dem inn til gjenvinning.<\/p>\n<h2>Purpose of recycling batteries:<\/h2>\n<p>The purpose of <a href=\"https:\/\/sortere.no\/privat\/avfallstype\/9\/Batterier\" target=\"_blank\" rel=\"noopener\">recycling<\/a> is to recover useful elements in the collected batteries. It is important to ensure that toxins do not go astray but can enter closed circuits when disused. The environmentally harmful batteries go back to the battery producers where the lead in the lead-acid batteries is used in the production of new batteries. Cadmium from cadmium-containing batteries also run in closed circuits and is, among other things, used in the production of new batteries.<\/p>\n<p>It is equally important that we collect and recycle the batteries that are not environmentally harmful. Some of the elements in these batteries can be reused multiple times. By recycling these elements, we reduce the need for virgin materials.<\/p>\n<h2>Delivery of batteries<\/h2>\n<p>The batteries are part of a return and recycling system where disused batteries can be delivered free of charge to the dealer.<\/p>\n<p>Batteriretur has a nationwide collector network and we make sure all types of batteries are collected, from small button cells to large industrial batteries. The batteries run in a closed circuit from Batteriretur to the Recycling Plant.<\/p>\n<p>All batteries must be collected for recycling, any store that sells batteries is obliged to accept the return of the same type of battery in which they sell.<\/p>\n<p>Consumers can return batteries free of charge either at a store that sells similar batteries, at municipal \/ inter-municipal environmental stations, or at hazardous waste disposal sites.<\/p>\n<h2>Recycling of disused batteries<\/h2>\n<p>How recycling companies contribute to the recycling of disused batteries:<\/p>\n<p>Batteriretur has contracts with approved recycling facilities in Europe and we ensure that all the batteries we collect, are sent to one of these plants for recycling.<\/p>\n<h2>Labeling regulations explained<\/h2>\n<p>All batteries sold in Norway today must be labeled with the following symbol:<\/p>\n<p><img loading=\"lazy\" decoding=\"async\" class=\"alignnone wp-image-139 size-medium\" src=\"https:\/\/batteriretur.no\/wp-content\/uploads\/2018\/01\/batterimerke-275x300.jpg\" alt=\"batterimerke\" width=\"275\" height=\"300\" srcset=\"https:\/\/batteriretur.no\/wp-content\/uploads\/2018\/01\/batterimerke-275x300.jpg 275w, https:\/\/batteriretur.no\/wp-content\/uploads\/2018\/01\/batterimerke.jpg 432w\" sizes=\"auto, (max-width: 639px) 98vw, (max-width: 1199px) 64vw, 275px\" \/><\/p>\n<p>In addition, batteries containing substantial amounts of the environmental toxins; lead, cadmium or mercury, will be marked with the symbol of the environmentally harmful element the battery contains, lead (Pb), cadmium (Cd) or mercury (Hg). The symbol should be placed under the trashcan icon.<\/p>\n<p>The label states that all batteries must be collected for recycling, and no batteries should be disposed of in the trash. The label also states which batteries contain substantial amounts of either lead, cadmium or mercury.<\/p>\n<p>There is also a requirement that rechargeable batteries are marked by capacity.<\/p>","protected":false},"excerpt":{"rendered":"<p>Batterienes potensielle helse og milj\u00f8effekter: Noen batterier inneholder farlige stoffer (bly, kadmium eller kvikks\u00f8lv) og disse skal sorteres som farlig [&hellip;]<\/p>\n","protected":false},"author":1,"featured_media":332,"parent":0,"menu_order":27,"comment_status":"closed","ping_status":"closed","template":"page-templates\/page-custom.php","meta":{"_acf_changed":false,"footnotes":""},"class_list":["post-138","page","type-page","status-publish","has-post-thumbnail","hentry"],"acf":[],"yoast_head":"<!-- This site is optimized with the Yoast SEO plugin v27.4 - https:\/\/yoast.com\/product\/yoast-seo-wordpress\/ -->\n<title>Generell informasjon - Batteriretur<\/title>\n<meta name=\"robots\" content=\"index, follow, max-snippet:-1, max-image-preview:large, max-video-preview:-1\" \/>\n<link rel=\"canonical\" href=\"https:\/\/batteriretur.no\/en\/generell-informasjon\/\" \/>\n<meta property=\"og:locale\" content=\"en_US\" \/>\n<meta property=\"og:type\" content=\"article\" \/>\n<meta property=\"og:title\" content=\"Generell informasjon - Batteriretur\" \/>\n<meta property=\"og:description\" content=\"Batterienes potensielle helse og milj\u00f8effekter: Noen batterier inneholder farlige stoffer (bly, kadmium eller kvikks\u00f8lv) og disse skal sorteres som farlig [&hellip;]\" \/>\n<meta property=\"og:url\" content=\"https:\/\/batteriretur.no\/en\/generell-informasjon\/\" \/>\n<meta property=\"og:site_name\" content=\"Batteriretur\" \/>\n<meta property=\"article:modified_time\" content=\"2023-10-10T11:25:24+00:00\" \/>\n<meta property=\"og:image\" content=\"https:\/\/batteriretur.no\/wp-content\/uploads\/2018\/02\/shutterstock_199284590.jpg\" \/>\n\t<meta property=\"og:image:width\" content=\"1500\" \/>\n\t<meta property=\"og:image:height\" content=\"630\" \/>\n\t<meta property=\"og:image:type\" content=\"image\/jpeg\" \/>\n<meta name=\"twitter:card\" content=\"summary_large_image\" \/>\n<meta name=\"twitter:label1\" content=\"Est. reading time\" \/>\n\t<meta name=\"twitter:data1\" content=\"3 minutes\" \/>\n<script type=\"application\/ld+json\" class=\"yoast-schema-graph\">{\"@context\":\"https:\\\/\\\/schema.org\",\"@graph\":[{\"@type\":\"WebPage\",\"@id\":\"https:\\\/\\\/batteriretur.no\\\/generell-informasjon\\\/\",\"url\":\"https:\\\/\\\/batteriretur.no\\\/generell-informasjon\\\/\",\"name\":\"Generell informasjon - Batteriretur\",\"isPartOf\":{\"@id\":\"https:\\\/\\\/batteriretur.no\\\/#website\"},\"primaryImageOfPage\":{\"@id\":\"https:\\\/\\\/batteriretur.no\\\/generell-informasjon\\\/#primaryimage\"},\"image\":{\"@id\":\"https:\\\/\\\/batteriretur.no\\\/generell-informasjon\\\/#primaryimage\"},\"thumbnailUrl\":\"https:\\\/\\\/batteriretur.no\\\/wp-content\\\/uploads\\\/2018\\\/02\\\/shutterstock_199284590.jpg\",\"datePublished\":\"2018-01-16T11:17:52+00:00\",\"dateModified\":\"2023-10-10T11:25:24+00:00\",\"breadcrumb\":{\"@id\":\"https:\\\/\\\/batteriretur.no\\\/generell-informasjon\\\/#breadcrumb\"},\"inLanguage\":\"en-US\",\"potentialAction\":[{\"@type\":\"ReadAction\",\"target\":[\"https:\\\/\\\/batteriretur.no\\\/generell-informasjon\\\/\"]}]},{\"@type\":\"ImageObject\",\"inLanguage\":\"en-US\",\"@id\":\"https:\\\/\\\/batteriretur.no\\\/generell-informasjon\\\/#primaryimage\",\"url\":\"https:\\\/\\\/batteriretur.no\\\/wp-content\\\/uploads\\\/2018\\\/02\\\/shutterstock_199284590.jpg\",\"contentUrl\":\"https:\\\/\\\/batteriretur.no\\\/wp-content\\\/uploads\\\/2018\\\/02\\\/shutterstock_199284590.jpg\",\"width\":1500,\"height\":630,\"caption\":\"gjenvinning av batterier\"},{\"@type\":\"BreadcrumbList\",\"@id\":\"https:\\\/\\\/batteriretur.no\\\/generell-informasjon\\\/#breadcrumb\",\"itemListElement\":[{\"@type\":\"ListItem\",\"position\":1,\"name\":\"Hjem\",\"item\":\"https:\\\/\\\/batteriretur.no\\\/\"},{\"@type\":\"ListItem\",\"position\":2,\"name\":\"Generell informasjon\"}]},{\"@type\":\"WebSite\",\"@id\":\"https:\\\/\\\/batteriretur.no\\\/#website\",\"url\":\"https:\\\/\\\/batteriretur.no\\\/\",\"name\":\"Batteriretur\",\"description\":\"Fremtiden er elektrisk\",\"publisher\":{\"@id\":\"https:\\\/\\\/batteriretur.no\\\/#organization\"},\"potentialAction\":[{\"@type\":\"SearchAction\",\"target\":{\"@type\":\"EntryPoint\",\"urlTemplate\":\"https:\\\/\\\/batteriretur.no\\\/?s={search_term_string}\"},\"query-input\":{\"@type\":\"PropertyValueSpecification\",\"valueRequired\":true,\"valueName\":\"search_term_string\"}}],\"inLanguage\":\"en-US\"},{\"@type\":\"Organization\",\"@id\":\"https:\\\/\\\/batteriretur.no\\\/#organization\",\"name\":\"Batteriretur\",\"url\":\"https:\\\/\\\/batteriretur.no\\\/\",\"logo\":{\"@type\":\"ImageObject\",\"inLanguage\":\"en-US\",\"@id\":\"https:\\\/\\\/batteriretur.no\\\/#\\\/schema\\\/logo\\\/image\\\/\",\"url\":\"https:\\\/\\\/batteriretur.no\\\/wp-content\\\/uploads\\\/2018\\\/02\\\/batterier_facebook.jpg\",\"contentUrl\":\"https:\\\/\\\/batteriretur.no\\\/wp-content\\\/uploads\\\/2018\\\/02\\\/batterier_facebook.jpg\",\"width\":1200,\"height\":630,\"caption\":\"Batteriretur\"},\"image\":{\"@id\":\"https:\\\/\\\/batteriretur.no\\\/#\\\/schema\\\/logo\\\/image\\\/\"}}]}<\/script>\n<!-- \/ Yoast SEO plugin. -->","yoast_head_json":{"title":"Generell informasjon - Batteriretur","robots":{"index":"index","follow":"follow","max-snippet":"max-snippet:-1","max-image-preview":"max-image-preview:large","max-video-preview":"max-video-preview:-1"},"canonical":"https:\/\/batteriretur.no\/en\/generell-informasjon\/","og_locale":"en_US","og_type":"article","og_title":"Generell informasjon - Batteriretur","og_description":"Batterienes potensielle helse og milj\u00f8effekter: Noen batterier inneholder farlige stoffer (bly, kadmium eller kvikks\u00f8lv) og disse skal sorteres som farlig [&hellip;]","og_url":"https:\/\/batteriretur.no\/en\/generell-informasjon\/","og_site_name":"Batteriretur","article_modified_time":"2023-10-10T11:25:24+00:00","og_image":[{"width":1500,"height":630,"url":"https:\/\/batteriretur.no\/wp-content\/uploads\/2018\/02\/shutterstock_199284590.jpg","type":"image\/jpeg"}],"twitter_card":"summary_large_image","twitter_misc":{"Est. reading time":"3 minutes"},"schema":{"@context":"https:\/\/schema.org","@graph":[{"@type":"WebPage","@id":"https:\/\/batteriretur.no\/generell-informasjon\/","url":"https:\/\/batteriretur.no\/generell-informasjon\/","name":"Generell informasjon - Batteriretur","isPartOf":{"@id":"https:\/\/batteriretur.no\/#website"},"primaryImageOfPage":{"@id":"https:\/\/batteriretur.no\/generell-informasjon\/#primaryimage"},"image":{"@id":"https:\/\/batteriretur.no\/generell-informasjon\/#primaryimage"},"thumbnailUrl":"https:\/\/batteriretur.no\/wp-content\/uploads\/2018\/02\/shutterstock_199284590.jpg","datePublished":"2018-01-16T11:17:52+00:00","dateModified":"2023-10-10T11:25:24+00:00","breadcrumb":{"@id":"https:\/\/batteriretur.no\/generell-informasjon\/#breadcrumb"},"inLanguage":"en-US","potentialAction":[{"@type":"ReadAction","target":["https:\/\/batteriretur.no\/generell-informasjon\/"]}]},{"@type":"ImageObject","inLanguage":"en-US","@id":"https:\/\/batteriretur.no\/generell-informasjon\/#primaryimage","url":"https:\/\/batteriretur.no\/wp-content\/uploads\/2018\/02\/shutterstock_199284590.jpg","contentUrl":"https:\/\/batteriretur.no\/wp-content\/uploads\/2018\/02\/shutterstock_199284590.jpg","width":1500,"height":630,"caption":"gjenvinning av batterier"},{"@type":"BreadcrumbList","@id":"https:\/\/batteriretur.no\/generell-informasjon\/#breadcrumb","itemListElement":[{"@type":"ListItem","position":1,"name":"Hjem","item":"https:\/\/batteriretur.no\/"},{"@type":"ListItem","position":2,"name":"Generell informasjon"}]},{"@type":"WebSite","@id":"https:\/\/batteriretur.no\/#website","url":"https:\/\/batteriretur.no\/","name":"Batteriretur","description":"Fremtiden er elektrisk","publisher":{"@id":"https:\/\/batteriretur.no\/#organization"},"potentialAction":[{"@type":"SearchAction","target":{"@type":"EntryPoint","urlTemplate":"https:\/\/batteriretur.no\/?s={search_term_string}"},"query-input":{"@type":"PropertyValueSpecification","valueRequired":true,"valueName":"search_term_string"}}],"inLanguage":"en-US"},{"@type":"Organization","@id":"https:\/\/batteriretur.no\/#organization","name":"Batteriretur","url":"https:\/\/batteriretur.no\/","logo":{"@type":"ImageObject","inLanguage":"en-US","@id":"https:\/\/batteriretur.no\/#\/schema\/logo\/image\/","url":"https:\/\/batteriretur.no\/wp-content\/uploads\/2018\/02\/batterier_facebook.jpg","contentUrl":"https:\/\/batteriretur.no\/wp-content\/uploads\/2018\/02\/batterier_facebook.jpg","width":1200,"height":630,"caption":"Batteriretur"},"image":{"@id":"https:\/\/batteriretur.no\/#\/schema\/logo\/image\/"}}]}},"_links":{"self":[{"href":"https:\/\/batteriretur.no\/en\/wp-json\/wp\/v2\/pages\/138","targetHints":{"allow":["GET"]}}],"collection":[{"href":"https:\/\/batteriretur.no\/en\/wp-json\/wp\/v2\/pages"}],"about":[{"href":"https:\/\/batteriretur.no\/en\/wp-json\/wp\/v2\/types\/page"}],"author":[{"embeddable":true,"href":"https:\/\/batteriretur.no\/en\/wp-json\/wp\/v2\/users\/1"}],"replies":[{"embeddable":true,"href":"https:\/\/batteriretur.no\/en\/wp-json\/wp\/v2\/comments?post=138"}],"version-history":[{"count":12,"href":"https:\/\/batteriretur.no\/en\/wp-json\/wp\/v2\/pages\/138\/revisions"}],"predecessor-version":[{"id":3078,"href":"https:\/\/batteriretur.no\/en\/wp-json\/wp\/v2\/pages\/138\/revisions\/3078"}],"wp:featuredmedia":[{"embeddable":true,"href":"https:\/\/batteriretur.no\/en\/wp-json\/wp\/v2\/media\/332"}],"wp:attachment":[{"href":"https:\/\/batteriretur.no\/en\/wp-json\/wp\/v2\/media?parent=138"}],"curies":[{"name":"wp","href":"https:\/\/api.w.org\/{rel}","templated":true}]}}