{"id":1343,"date":"2019-09-06T13:10:17","date_gmt":"2019-09-06T11:10:17","guid":{"rendered":"https:\/\/batteriretur.no\/?page_id=1343"},"modified":"2025-12-18T13:25:54","modified_gmt":"2025-12-18T12:25:54","slug":"personvern","status":"publish","type":"page","link":"https:\/\/batteriretur.no\/en\/personvern\/","title":{"rendered":"Personvernerkl\u00e6ring"},"content":{"rendered":"<h2><strong>AI-Generert innhold p\u00e5 nettsiden<\/strong><\/h2>\n<p><strong>Omfang og form\u00e5l<br \/>\n<\/strong><br \/>\nBatteriretur benytter en ekstern AI-tjeneste for \u00e5 genere svar om EUs batteriforordning, basert p\u00e5 brukerens input. Denne tjenesten vises som &laquo;Battbot&raquo; p\u00e5 nettsiden og oppf\u00f8rer seg som en digital assistent, som svarer p\u00e5 dine sp\u00f8rsm\u00e5l om batteriforordningen. Tjenesten er kun ment for \u00e5 lettere tilgjengeliggj\u00f8re og informere v\u00e5re produsenter\/import\u00f8rer\/innsamlere og samarbeidspartnere om batteriforordningen og skal ikke p\u00e5 noen m\u00e5te brukes i juridisk \u00f8yemed.<\/p>\n<p><strong>Ansvar<\/strong><\/p>\n<p>Batteriretur fraskriver seg alt ansvar for informasjon som er generert feilaktig av AI-assistenten, den er kun ment som et hjelpemiddel og all informasjon som blir generert m\u00e5 kvalitetssikres av et menneske. Dette vil i klartekst si at man er selv ansvarlig for \u00e5 sjekke at informasjonen som genereres av AI-assistenten faktisk stemmer. AI-assistenten gir ikke juridisk veiledning eller r\u00e5d som p\u00e5 noen som helst m\u00e5te kan tolkes som dette.<\/p>\n<p>Det tas forbehold om at EUs batteriforordning fortsatt ikke er implementert i norsk lov, AI-assistenten svarer kun p\u00e5 hvordan batteriforordningen fungerer i EUs medlemsland.<\/p>\n<p><strong>Datainnsamling<\/strong><br \/>\nBatteriretur bruker sp\u00f8rsm\u00e5l som blir stilt til AI-assistenten i sitt forbedringsarbeid for \u00e5 f\u00e5 en innsikt i hvilke temaer som oftest blir spurt om. All data slik som navn, IP-adresse og lokasjon blir anonymisert og lagres ikke i systemet. \u00a0Data deles aldri videre utenfor tjenesten.<\/p>\n<p>Batteriretur overv\u00e5ker AI-assistentens funksjonalitet og data kontinuerlig, \u00f8nsker du innsyn i hvilke data som samles inn ta kontakt med oss.<\/p>\n<p><strong>Sensitive data<\/strong><br \/>\nSensitive data m\u00e5 under ingen omstendigheter brukes\/skrives inn ved sp\u00f8rsm\u00e5l eller dialog med AI-assistenten. Batteriretur tar ikke ansvar for uansvarlig bruk av AI-assistenten, slik som fors\u00f8k p\u00e5 \u00e5 hacke, manipulere kodebasen eller via andre metoder fors\u00f8ke \u00e5 tilegne seg tilgang til dens instruksjoner og data som ikke er offentlig tilgjengelig via grensesnittet p\u00e5 nettsiden. Fors\u00f8k p\u00e5 ovennevnte vil medf\u00f8re politianmeldelse.<\/p>\n<p><strong>Sp\u00f8rsm\u00e5l<\/strong><\/p>\n<p>Ved eventuelle sp\u00f8rsm\u00e5l ta kontakt med oss p\u00e5 <a href=\"mailto:firmapost@batteriretur.no\">firmapost@batteriretur.no<\/a> eller v\u00e5rt sentralbord 69 10 27 70.<\/p>\n<h2>Nettstatistikk<\/h2>\n<p>Batteriretur\u00ae samler inn avidentifiserte opplysninger om bes\u00f8kende p\u00e5 nettsiden: batteriretur.no. Form\u00e5let med dette er \u00e5 utarbeide statistikk som benyttes til forbedring og videreutvikling av informasjonstilbudet p\u00e5 nettstedet. Eksempler p\u00e5 hva statistikken gir svar p\u00e5, er antall bes\u00f8kende p\u00e5 ulike sider, lengde p\u00e5 bes\u00f8ket, hvilke nettsteder den bes\u00f8kende kommer fra og hvilke nettlesere som benyttes.<\/p>\n<p>Opplysningene behandles i avidentifisert og aggregert form. Dette betyr at vi ikke kan spore opplysningene vi samler inn tilbake til den enkelte bruker. All data sl\u00e5s sammen til en gruppe og behandles aldri individuelt. Vi samler inn hele IP-adressen, men IP-adressen avidentifiseres slik at bare de tre f\u00f8rste tallgruppene i adressen benyttes til \u00e5 generere statistikk. Det vil si at dersom IP-adressen best\u00e5r av numrene 195.159.103.82, brukes bare 195.159.103.xx.<\/p>\n<h2>Informasjonskapsler<\/h2>\n<p>Informasjonskapsler (cookies) er sm\u00e5 tekstfiler som plasseres p\u00e5 din datamaskin n\u00e5r du laster ned en nettside. Batteriretur\u00ae benytter seg av informasjonskapsler til \u00e5 generere statistikk slik at vi kan spore din bruk av nettstedet &#8211; men dette gj\u00f8res anonymisert. Lagring og behandling av disse opplysningene er ikke tillatt med mindre brukeren b\u00e5de har blitt informert om og har gitt sitt samtykke til behandlingen. Brukeren skal f\u00e5 vite om og godkjenne hvilke opplysninger som behandles, hva form\u00e5let med behandlingen er og hvem som behandler opplysningene, jf. ekomloven \u00a7 2-7b.<\/p>\n<p>F\u00f8lgende informasjonskapsler brukes p\u00e5 batteriretur.no:<br \/>\n&#8211; Analyseverkt\u00f8yet Google Analytics som lagrer statistikk ved bruk av nettstedet brukt til analyse og forbedringspunkter.<br \/>\n&#8211; V\u00e5r publiseringsl\u00f8sning plasserer ogs\u00e5 statistiske og funksjonelle informasjonskapsler p\u00e5 din maskin.<br \/>\n&#8211; Google Tag Manager holder styr p\u00e5 alle v\u00e5re publiseringsskripts.<\/p>\n<div id=\"cicc-template\"><\/div>\n<p><script id=\"CookiePolicy\" src=\"https:\/\/policy.app.cookieinformation.com\/cid.js\" data-culture=\"NB\" type=\"text\/javascript\"><\/script><\/p>","protected":false},"excerpt":{"rendered":"<p>AI-Generert innhold p\u00e5 nettsiden Omfang og form\u00e5l Batteriretur benytter en ekstern AI-tjeneste for \u00e5 genere svar om EUs batteriforordning, basert [&hellip;]<\/p>\n","protected":false},"author":1,"featured_media":0,"parent":0,"menu_order":0,"comment_status":"closed","ping_status":"closed","template":"page-templates\/personvern.php","meta":{"_acf_changed":false,"footnotes":""},"class_list":["post-1343","page","type-page","status-publish","hentry"],"acf":[],"yoast_head":"<!-- This site is optimized with the Yoast SEO plugin v27.4 - https:\/\/yoast.com\/product\/yoast-seo-wordpress\/ -->\n<title>Personvernerkl\u00e6ring - Batteriretur<\/title>\n<meta name=\"robots\" content=\"index, follow, max-snippet:-1, max-image-preview:large, max-video-preview:-1\" \/>\n<link rel=\"canonical\" href=\"https:\/\/batteriretur.no\/en\/personvern\/\" \/>\n<meta property=\"og:locale\" content=\"en_US\" \/>\n<meta property=\"og:type\" content=\"article\" \/>\n<meta property=\"og:title\" content=\"Personvernerkl\u00e6ring - Batteriretur\" \/>\n<meta property=\"og:description\" content=\"AI-Generert innhold p\u00e5 nettsiden Omfang og form\u00e5l Batteriretur benytter en ekstern AI-tjeneste for \u00e5 genere svar om EUs batteriforordning, basert [&hellip;]\" \/>\n<meta property=\"og:url\" content=\"https:\/\/batteriretur.no\/en\/personvern\/\" \/>\n<meta property=\"og:site_name\" content=\"Batteriretur\" \/>\n<meta property=\"article:modified_time\" content=\"2025-12-18T12:25:54+00:00\" \/>\n<meta property=\"og:image\" content=\"https:\/\/batteriretur.no\/wp-content\/uploads\/2018\/02\/batterier_facebook.jpg\" \/>\n\t<meta property=\"og:image:width\" content=\"1200\" \/>\n\t<meta property=\"og:image:height\" content=\"630\" \/>\n\t<meta property=\"og:image:type\" content=\"image\/jpeg\" \/>\n<meta name=\"twitter:card\" content=\"summary_large_image\" \/>\n<meta name=\"twitter:label1\" content=\"Est. reading time\" \/>\n\t<meta name=\"twitter:data1\" content=\"4 minutes\" \/>\n<script type=\"application\/ld+json\" class=\"yoast-schema-graph\">{\"@context\":\"https:\\\/\\\/schema.org\",\"@graph\":[{\"@type\":\"WebPage\",\"@id\":\"https:\\\/\\\/batteriretur.no\\\/personvern\\\/\",\"url\":\"https:\\\/\\\/batteriretur.no\\\/personvern\\\/\",\"name\":\"Personvernerkl\u00e6ring - Batteriretur\",\"isPartOf\":{\"@id\":\"https:\\\/\\\/batteriretur.no\\\/#website\"},\"datePublished\":\"2019-09-06T11:10:17+00:00\",\"dateModified\":\"2025-12-18T12:25:54+00:00\",\"breadcrumb\":{\"@id\":\"https:\\\/\\\/batteriretur.no\\\/personvern\\\/#breadcrumb\"},\"inLanguage\":\"en-US\",\"potentialAction\":[{\"@type\":\"ReadAction\",\"target\":[\"https:\\\/\\\/batteriretur.no\\\/personvern\\\/\"]}]},{\"@type\":\"BreadcrumbList\",\"@id\":\"https:\\\/\\\/batteriretur.no\\\/personvern\\\/#breadcrumb\",\"itemListElement\":[{\"@type\":\"ListItem\",\"position\":1,\"name\":\"Hjem\",\"item\":\"https:\\\/\\\/batteriretur.no\\\/\"},{\"@type\":\"ListItem\",\"position\":2,\"name\":\"Personvernerkl\u00e6ring\"}]},{\"@type\":\"WebSite\",\"@id\":\"https:\\\/\\\/batteriretur.no\\\/#website\",\"url\":\"https:\\\/\\\/batteriretur.no\\\/\",\"name\":\"Batteriretur\",\"description\":\"Fremtiden er elektrisk\",\"publisher\":{\"@id\":\"https:\\\/\\\/batteriretur.no\\\/#organization\"},\"potentialAction\":[{\"@type\":\"SearchAction\",\"target\":{\"@type\":\"EntryPoint\",\"urlTemplate\":\"https:\\\/\\\/batteriretur.no\\\/?s={search_term_string}\"},\"query-input\":{\"@type\":\"PropertyValueSpecification\",\"valueRequired\":true,\"valueName\":\"search_term_string\"}}],\"inLanguage\":\"en-US\"},{\"@type\":\"Organization\",\"@id\":\"https:\\\/\\\/batteriretur.no\\\/#organization\",\"name\":\"Batteriretur\",\"url\":\"https:\\\/\\\/batteriretur.no\\\/\",\"logo\":{\"@type\":\"ImageObject\",\"inLanguage\":\"en-US\",\"@id\":\"https:\\\/\\\/batteriretur.no\\\/#\\\/schema\\\/logo\\\/image\\\/\",\"url\":\"https:\\\/\\\/batteriretur.no\\\/wp-content\\\/uploads\\\/2018\\\/02\\\/batterier_facebook.jpg\",\"contentUrl\":\"https:\\\/\\\/batteriretur.no\\\/wp-content\\\/uploads\\\/2018\\\/02\\\/batterier_facebook.jpg\",\"width\":1200,\"height\":630,\"caption\":\"Batteriretur\"},\"image\":{\"@id\":\"https:\\\/\\\/batteriretur.no\\\/#\\\/schema\\\/logo\\\/image\\\/\"}}]}<\/script>\n<!-- \/ Yoast SEO plugin. -->","yoast_head_json":{"title":"Personvernerkl\u00e6ring - Batteriretur","robots":{"index":"index","follow":"follow","max-snippet":"max-snippet:-1","max-image-preview":"max-image-preview:large","max-video-preview":"max-video-preview:-1"},"canonical":"https:\/\/batteriretur.no\/en\/personvern\/","og_locale":"en_US","og_type":"article","og_title":"Personvernerkl\u00e6ring - Batteriretur","og_description":"AI-Generert innhold p\u00e5 nettsiden Omfang og form\u00e5l Batteriretur benytter en ekstern AI-tjeneste for \u00e5 genere svar om EUs batteriforordning, basert [&hellip;]","og_url":"https:\/\/batteriretur.no\/en\/personvern\/","og_site_name":"Batteriretur","article_modified_time":"2025-12-18T12:25:54+00:00","og_image":[{"width":1200,"height":630,"url":"https:\/\/batteriretur.no\/wp-content\/uploads\/2018\/02\/batterier_facebook.jpg","type":"image\/jpeg"}],"twitter_card":"summary_large_image","twitter_misc":{"Est. reading time":"4 minutes"},"schema":{"@context":"https:\/\/schema.org","@graph":[{"@type":"WebPage","@id":"https:\/\/batteriretur.no\/personvern\/","url":"https:\/\/batteriretur.no\/personvern\/","name":"Personvernerkl\u00e6ring - Batteriretur","isPartOf":{"@id":"https:\/\/batteriretur.no\/#website"},"datePublished":"2019-09-06T11:10:17+00:00","dateModified":"2025-12-18T12:25:54+00:00","breadcrumb":{"@id":"https:\/\/batteriretur.no\/personvern\/#breadcrumb"},"inLanguage":"en-US","potentialAction":[{"@type":"ReadAction","target":["https:\/\/batteriretur.no\/personvern\/"]}]},{"@type":"BreadcrumbList","@id":"https:\/\/batteriretur.no\/personvern\/#breadcrumb","itemListElement":[{"@type":"ListItem","position":1,"name":"Hjem","item":"https:\/\/batteriretur.no\/"},{"@type":"ListItem","position":2,"name":"Personvernerkl\u00e6ring"}]},{"@type":"WebSite","@id":"https:\/\/batteriretur.no\/#website","url":"https:\/\/batteriretur.no\/","name":"Batteriretur","description":"Fremtiden er elektrisk","publisher":{"@id":"https:\/\/batteriretur.no\/#organization"},"potentialAction":[{"@type":"SearchAction","target":{"@type":"EntryPoint","urlTemplate":"https:\/\/batteriretur.no\/?s={search_term_string}"},"query-input":{"@type":"PropertyValueSpecification","valueRequired":true,"valueName":"search_term_string"}}],"inLanguage":"en-US"},{"@type":"Organization","@id":"https:\/\/batteriretur.no\/#organization","name":"Batteriretur","url":"https:\/\/batteriretur.no\/","logo":{"@type":"ImageObject","inLanguage":"en-US","@id":"https:\/\/batteriretur.no\/#\/schema\/logo\/image\/","url":"https:\/\/batteriretur.no\/wp-content\/uploads\/2018\/02\/batterier_facebook.jpg","contentUrl":"https:\/\/batteriretur.no\/wp-content\/uploads\/2018\/02\/batterier_facebook.jpg","width":1200,"height":630,"caption":"Batteriretur"},"image":{"@id":"https:\/\/batteriretur.no\/#\/schema\/logo\/image\/"}}]}},"_links":{"self":[{"href":"https:\/\/batteriretur.no\/en\/wp-json\/wp\/v2\/pages\/1343","targetHints":{"allow":["GET"]}}],"collection":[{"href":"https:\/\/batteriretur.no\/en\/wp-json\/wp\/v2\/pages"}],"about":[{"href":"https:\/\/batteriretur.no\/en\/wp-json\/wp\/v2\/types\/page"}],"author":[{"embeddable":true,"href":"https:\/\/batteriretur.no\/en\/wp-json\/wp\/v2\/users\/1"}],"replies":[{"embeddable":true,"href":"https:\/\/batteriretur.no\/en\/wp-json\/wp\/v2\/comments?post=1343"}],"version-history":[{"count":6,"href":"https:\/\/batteriretur.no\/en\/wp-json\/wp\/v2\/pages\/1343\/revisions"}],"predecessor-version":[{"id":3590,"href":"https:\/\/batteriretur.no\/en\/wp-json\/wp\/v2\/pages\/1343\/revisions\/3590"}],"wp:attachment":[{"href":"https:\/\/batteriretur.no\/en\/wp-json\/wp\/v2\/media?parent=1343"}],"curies":[{"name":"wp","href":"https:\/\/api.w.org\/{rel}","templated":true}]}}