{"id":13,"date":"2017-12-05T10:28:01","date_gmt":"2017-12-05T09:28:01","guid":{"rendered":"http:\/\/localhost:8888\/batteriretur\/?page_id=13"},"modified":"2025-09-17T13:45:54","modified_gmt":"2025-09-17T11:45:54","slug":"om-oss","status":"publish","type":"page","link":"https:\/\/batteriretur.no\/en\/om-oss\/","title":{"rendered":"About Batteriretur\u00ae"},"content":{"rendered":"<p>Batteriretur\u00ae is structured to meet the requirements for discarded batteries acc.to waste regulations, and since its founding in late autumn 1993 the mission has been fulfilled, year after year after year. In 2006, the EU extended the \"Battery Directive\" to include all categories.<\/p>\n<p>For oss har det v\u00e6rt et logisk veivalg \u00e5 gj\u00f8re bruk av det samme finmaskede nett av mottaks- og hentesteder til innsamling av alle kategorier batterier. Og vi ser historien gjenta seg; slik mengden blybatterier\u00a0 30 \u00e5r tilbake raskt vokste fra \u00e5rlig 9.000 tonn til 14-17.000 tonn har mengden portable batterier vokst fra vel 100 tonn til n\u00e6r 1000 tonn ved hjelp av samme nettverk. V\u00e5rt nettverk sikrer synergigevinst for b\u00e5de sikkerhet og milj\u00f8et!<\/p>\n<h2>The way forward<\/h2>\n<p>Jobben er ikke derimot ikke gjort selv om innsamlingskravet i forskrift er oppfylt. Norge elektrifiseres og i 2014 etablerte vi Batteriretur EV AS for \u00e5 h\u00e5ndtere batteriene fra elektriske kj\u00f8ret\u00f8y og marin sektor. Vi vil g\u00e5 videre med \u00e5 tilrettelegge for innsamling av h\u00f8yenergibatterier i samarbeid med partnere. Og det skulle bare mangle n\u00e5r vi er s\u00e5 heldig at mange \u00f8nsker \u00e5 bidra til vellykket innsamling. Flere har reist sp\u00f8rsm\u00e5l om hvor mye vi vil ta imot! Svaret er at vi tar imot alt vi f\u00e5r, og lovende samarbeidsprosjekter gjennom \u00e5rene har satt oss i en internasjonal ledende posisjon. Entusiasme og et unikt landsdekkende nettverk av mottaks- og hentesteder gir resultater. Vi takker ydmykt alle v\u00e5re samarbeidspartnere og gleder oss til innsamlingsveien videre sammen med dere med sikkerhet og milj\u00f8et i fokus. Fremtiden er elektrisk!<\/p>","protected":false},"excerpt":{"rendered":"<p>Batteriretur\u00ae er organisert for \u00e5 oppfylle kravene til kasserte batterier i avfallsforskriften og fra etableringen senh\u00f8sten 1993 er oppdraget oppfylt, [&hellip;]<\/p>\n","protected":false},"author":1,"featured_media":2143,"parent":0,"menu_order":25,"comment_status":"closed","ping_status":"closed","template":"page-templates\/page-custom.php","meta":{"_acf_changed":false,"footnotes":""},"class_list":["post-13","page","type-page","status-publish","has-post-thumbnail","hentry"],"acf":[],"yoast_head":"<!-- This site is optimized with the Yoast SEO plugin v27.3 - https:\/\/yoast.com\/product\/yoast-seo-wordpress\/ -->\n<title>Om Batteriretur - Batteriretur<\/title>\n<meta name=\"robots\" content=\"index, follow, max-snippet:-1, max-image-preview:large, max-video-preview:-1\" \/>\n<link rel=\"canonical\" href=\"https:\/\/batteriretur.no\/en\/om-oss\/\" \/>\n<meta property=\"og:locale\" content=\"en_US\" \/>\n<meta property=\"og:type\" content=\"article\" \/>\n<meta property=\"og:title\" content=\"Om Batteriretur - Batteriretur\" \/>\n<meta property=\"og:description\" content=\"Batteriretur\u00ae er organisert for \u00e5 oppfylle kravene til kasserte batterier i avfallsforskriften og fra etableringen senh\u00f8sten 1993 er oppdraget oppfylt, [&hellip;]\" \/>\n<meta property=\"og:url\" content=\"https:\/\/batteriretur.no\/en\/om-oss\/\" \/>\n<meta property=\"og:site_name\" content=\"Batteriretur\" \/>\n<meta property=\"article:modified_time\" content=\"2025-09-17T11:45:54+00:00\" \/>\n<meta property=\"og:image\" content=\"https:\/\/batteriretur.no\/wp-content\/uploads\/2020\/10\/batteriretur-omoss.jpg\" \/>\n\t<meta property=\"og:image:width\" content=\"2500\" \/>\n\t<meta property=\"og:image:height\" content=\"1405\" \/>\n\t<meta property=\"og:image:type\" content=\"image\/jpeg\" \/>\n<meta name=\"twitter:card\" content=\"summary_large_image\" \/>\n<meta name=\"twitter:label1\" content=\"Est. reading time\" \/>\n\t<meta name=\"twitter:data1\" content=\"2 minutes\" \/>\n<script type=\"application\/ld+json\" class=\"yoast-schema-graph\">{\"@context\":\"https:\\\/\\\/schema.org\",\"@graph\":[{\"@type\":\"WebPage\",\"@id\":\"https:\\\/\\\/batteriretur.no\\\/om-oss\\\/\",\"url\":\"https:\\\/\\\/batteriretur.no\\\/om-oss\\\/\",\"name\":\"Om Batteriretur - Batteriretur\",\"isPartOf\":{\"@id\":\"https:\\\/\\\/batteriretur.no\\\/#website\"},\"primaryImageOfPage\":{\"@id\":\"https:\\\/\\\/batteriretur.no\\\/om-oss\\\/#primaryimage\"},\"image\":{\"@id\":\"https:\\\/\\\/batteriretur.no\\\/om-oss\\\/#primaryimage\"},\"thumbnailUrl\":\"https:\\\/\\\/batteriretur.no\\\/wp-content\\\/uploads\\\/2020\\\/10\\\/batteriretur-omoss.jpg\",\"datePublished\":\"2017-12-05T09:28:01+00:00\",\"dateModified\":\"2025-09-17T11:45:54+00:00\",\"breadcrumb\":{\"@id\":\"https:\\\/\\\/batteriretur.no\\\/om-oss\\\/#breadcrumb\"},\"inLanguage\":\"en-US\",\"potentialAction\":[{\"@type\":\"ReadAction\",\"target\":[\"https:\\\/\\\/batteriretur.no\\\/om-oss\\\/\"]}]},{\"@type\":\"ImageObject\",\"inLanguage\":\"en-US\",\"@id\":\"https:\\\/\\\/batteriretur.no\\\/om-oss\\\/#primaryimage\",\"url\":\"https:\\\/\\\/batteriretur.no\\\/wp-content\\\/uploads\\\/2020\\\/10\\\/batteriretur-omoss.jpg\",\"contentUrl\":\"https:\\\/\\\/batteriretur.no\\\/wp-content\\\/uploads\\\/2020\\\/10\\\/batteriretur-omoss.jpg\",\"width\":2500,\"height\":1405},{\"@type\":\"BreadcrumbList\",\"@id\":\"https:\\\/\\\/batteriretur.no\\\/om-oss\\\/#breadcrumb\",\"itemListElement\":[{\"@type\":\"ListItem\",\"position\":1,\"name\":\"Hjem\",\"item\":\"https:\\\/\\\/batteriretur.no\\\/\"},{\"@type\":\"ListItem\",\"position\":2,\"name\":\"Om Batteriretur\"}]},{\"@type\":\"WebSite\",\"@id\":\"https:\\\/\\\/batteriretur.no\\\/#website\",\"url\":\"https:\\\/\\\/batteriretur.no\\\/\",\"name\":\"Batteriretur\",\"description\":\"Fremtiden er elektrisk\",\"publisher\":{\"@id\":\"https:\\\/\\\/batteriretur.no\\\/#organization\"},\"potentialAction\":[{\"@type\":\"SearchAction\",\"target\":{\"@type\":\"EntryPoint\",\"urlTemplate\":\"https:\\\/\\\/batteriretur.no\\\/?s={search_term_string}\"},\"query-input\":{\"@type\":\"PropertyValueSpecification\",\"valueRequired\":true,\"valueName\":\"search_term_string\"}}],\"inLanguage\":\"en-US\"},{\"@type\":\"Organization\",\"@id\":\"https:\\\/\\\/batteriretur.no\\\/#organization\",\"name\":\"Batteriretur\",\"url\":\"https:\\\/\\\/batteriretur.no\\\/\",\"logo\":{\"@type\":\"ImageObject\",\"inLanguage\":\"en-US\",\"@id\":\"https:\\\/\\\/batteriretur.no\\\/#\\\/schema\\\/logo\\\/image\\\/\",\"url\":\"https:\\\/\\\/batteriretur.no\\\/wp-content\\\/uploads\\\/2018\\\/02\\\/batterier_facebook.jpg\",\"contentUrl\":\"https:\\\/\\\/batteriretur.no\\\/wp-content\\\/uploads\\\/2018\\\/02\\\/batterier_facebook.jpg\",\"width\":1200,\"height\":630,\"caption\":\"Batteriretur\"},\"image\":{\"@id\":\"https:\\\/\\\/batteriretur.no\\\/#\\\/schema\\\/logo\\\/image\\\/\"}}]}<\/script>\n<!-- \/ Yoast SEO plugin. -->","yoast_head_json":{"title":"Om Batteriretur - Batteriretur","robots":{"index":"index","follow":"follow","max-snippet":"max-snippet:-1","max-image-preview":"max-image-preview:large","max-video-preview":"max-video-preview:-1"},"canonical":"https:\/\/batteriretur.no\/en\/om-oss\/","og_locale":"en_US","og_type":"article","og_title":"Om Batteriretur - Batteriretur","og_description":"Batteriretur\u00ae er organisert for \u00e5 oppfylle kravene til kasserte batterier i avfallsforskriften og fra etableringen senh\u00f8sten 1993 er oppdraget oppfylt, [&hellip;]","og_url":"https:\/\/batteriretur.no\/en\/om-oss\/","og_site_name":"Batteriretur","article_modified_time":"2025-09-17T11:45:54+00:00","og_image":[{"width":2500,"height":1405,"url":"https:\/\/batteriretur.no\/wp-content\/uploads\/2020\/10\/batteriretur-omoss.jpg","type":"image\/jpeg"}],"twitter_card":"summary_large_image","twitter_misc":{"Est. reading time":"2 minutes"},"schema":{"@context":"https:\/\/schema.org","@graph":[{"@type":"WebPage","@id":"https:\/\/batteriretur.no\/om-oss\/","url":"https:\/\/batteriretur.no\/om-oss\/","name":"Om Batteriretur - Batteriretur","isPartOf":{"@id":"https:\/\/batteriretur.no\/#website"},"primaryImageOfPage":{"@id":"https:\/\/batteriretur.no\/om-oss\/#primaryimage"},"image":{"@id":"https:\/\/batteriretur.no\/om-oss\/#primaryimage"},"thumbnailUrl":"https:\/\/batteriretur.no\/wp-content\/uploads\/2020\/10\/batteriretur-omoss.jpg","datePublished":"2017-12-05T09:28:01+00:00","dateModified":"2025-09-17T11:45:54+00:00","breadcrumb":{"@id":"https:\/\/batteriretur.no\/om-oss\/#breadcrumb"},"inLanguage":"en-US","potentialAction":[{"@type":"ReadAction","target":["https:\/\/batteriretur.no\/om-oss\/"]}]},{"@type":"ImageObject","inLanguage":"en-US","@id":"https:\/\/batteriretur.no\/om-oss\/#primaryimage","url":"https:\/\/batteriretur.no\/wp-content\/uploads\/2020\/10\/batteriretur-omoss.jpg","contentUrl":"https:\/\/batteriretur.no\/wp-content\/uploads\/2020\/10\/batteriretur-omoss.jpg","width":2500,"height":1405},{"@type":"BreadcrumbList","@id":"https:\/\/batteriretur.no\/om-oss\/#breadcrumb","itemListElement":[{"@type":"ListItem","position":1,"name":"Hjem","item":"https:\/\/batteriretur.no\/"},{"@type":"ListItem","position":2,"name":"Om Batteriretur"}]},{"@type":"WebSite","@id":"https:\/\/batteriretur.no\/#website","url":"https:\/\/batteriretur.no\/","name":"Batteriretur","description":"Fremtiden er elektrisk","publisher":{"@id":"https:\/\/batteriretur.no\/#organization"},"potentialAction":[{"@type":"SearchAction","target":{"@type":"EntryPoint","urlTemplate":"https:\/\/batteriretur.no\/?s={search_term_string}"},"query-input":{"@type":"PropertyValueSpecification","valueRequired":true,"valueName":"search_term_string"}}],"inLanguage":"en-US"},{"@type":"Organization","@id":"https:\/\/batteriretur.no\/#organization","name":"Batteriretur","url":"https:\/\/batteriretur.no\/","logo":{"@type":"ImageObject","inLanguage":"en-US","@id":"https:\/\/batteriretur.no\/#\/schema\/logo\/image\/","url":"https:\/\/batteriretur.no\/wp-content\/uploads\/2018\/02\/batterier_facebook.jpg","contentUrl":"https:\/\/batteriretur.no\/wp-content\/uploads\/2018\/02\/batterier_facebook.jpg","width":1200,"height":630,"caption":"Batteriretur"},"image":{"@id":"https:\/\/batteriretur.no\/#\/schema\/logo\/image\/"}}]}},"_links":{"self":[{"href":"https:\/\/batteriretur.no\/en\/wp-json\/wp\/v2\/pages\/13","targetHints":{"allow":["GET"]}}],"collection":[{"href":"https:\/\/batteriretur.no\/en\/wp-json\/wp\/v2\/pages"}],"about":[{"href":"https:\/\/batteriretur.no\/en\/wp-json\/wp\/v2\/types\/page"}],"author":[{"embeddable":true,"href":"https:\/\/batteriretur.no\/en\/wp-json\/wp\/v2\/users\/1"}],"replies":[{"embeddable":true,"href":"https:\/\/batteriretur.no\/en\/wp-json\/wp\/v2\/comments?post=13"}],"version-history":[{"count":10,"href":"https:\/\/batteriretur.no\/en\/wp-json\/wp\/v2\/pages\/13\/revisions"}],"predecessor-version":[{"id":3554,"href":"https:\/\/batteriretur.no\/en\/wp-json\/wp\/v2\/pages\/13\/revisions\/3554"}],"wp:featuredmedia":[{"embeddable":true,"href":"https:\/\/batteriretur.no\/en\/wp-json\/wp\/v2\/media\/2143"}],"wp:attachment":[{"href":"https:\/\/batteriretur.no\/en\/wp-json\/wp\/v2\/media?parent=13"}],"curies":[{"name":"wp","href":"https:\/\/api.w.org\/{rel}","templated":true}]}}